{"id":821,"date":"2023-08-01T23:57:47","date_gmt":"2023-08-01T21:57:47","guid":{"rendered":"http:\/\/moonlightkiss.eu\/?page_id=821"},"modified":"2024-08-28T12:23:25","modified_gmt":"2024-08-28T10:23:25","slug":"news-2023-nowosci-2023","status":"publish","type":"page","link":"https:\/\/moonlightkiss.eu\/index.php\/2-2\/news-2023-nowosci-2023\/","title":{"rendered":"NEWS 2023 \/ Nowo\u015bci 2023"},"content":{"rendered":"<p>______________________________________________________________________________________<\/p>\n<p><strong><span style=\"color: #ff0000;\">9.12.2023 Born Litter &#8222;M&#8221; \/ Urodziny Miotu &#8222;M&#8221;<\/span><\/strong><\/p>\n<p style=\"text-align: center;\">father:<br \/>\nJunior Champion of Poland<br \/>\nChampion od Poland<br \/>\nChampion of Slovakia<br \/>\nChampion of Czech Republic<br \/>\nChampion Hyngary<br \/>\nChampion of Serbia<br \/>\nChampion of Montenegro<br \/>\nChampion of Macedonia<br \/>\nChampion of Croatia<br \/>\n<strong>MEMORY OF OLYMPOS LEGEND Rosville<\/strong><\/p>\n<p style=\"text-align: center;\">mother:<br \/>\nChampion od Poland<br \/>\n<strong>HYPERSPACE Moonlight Kiss &#8222;Suzi&#8221;<\/strong><\/p>\n<p><img loading=\"lazy\" decoding=\"async\" class=\"size-full wp-image-924 aligncenter\" src=\"http:\/\/moonlightkiss.eu\/wp-content\/uploads\/2024\/03\/Suzi-i-memo.jpg\" alt=\"\" width=\"2048\" height=\"2048\" srcset=\"https:\/\/moonlightkiss.eu\/wp-content\/uploads\/2024\/03\/Suzi-i-memo.jpg 2048w, https:\/\/moonlightkiss.eu\/wp-content\/uploads\/2024\/03\/Suzi-i-memo-300x300.jpg 300w, https:\/\/moonlightkiss.eu\/wp-content\/uploads\/2024\/03\/Suzi-i-memo-1024x1024.jpg 1024w, https:\/\/moonlightkiss.eu\/wp-content\/uploads\/2024\/03\/Suzi-i-memo-150x150.jpg 150w, https:\/\/moonlightkiss.eu\/wp-content\/uploads\/2024\/03\/Suzi-i-memo-768x768.jpg 768w, https:\/\/moonlightkiss.eu\/wp-content\/uploads\/2024\/03\/Suzi-i-memo-1536x1536.jpg 1536w\" sizes=\"(max-width: 2048px) 100vw, 2048px\" \/> <img loading=\"lazy\" decoding=\"async\" class=\"size-full wp-image-925 aligncenter\" src=\"http:\/\/moonlightkiss.eu\/wp-content\/uploads\/2024\/03\/3.jpg\" alt=\"\" width=\"1500\" height=\"960\" srcset=\"https:\/\/moonlightkiss.eu\/wp-content\/uploads\/2024\/03\/3.jpg 1500w, https:\/\/moonlightkiss.eu\/wp-content\/uploads\/2024\/03\/3-300x192.jpg 300w, https:\/\/moonlightkiss.eu\/wp-content\/uploads\/2024\/03\/3-1024x655.jpg 1024w, https:\/\/moonlightkiss.eu\/wp-content\/uploads\/2024\/03\/3-768x492.jpg 768w, https:\/\/moonlightkiss.eu\/wp-content\/uploads\/2024\/03\/3-469x300.jpg 469w\" sizes=\"(max-width: 1500px) 100vw, 1500px\" \/><\/p>\n<p>________________________________________________________________________________________<\/p>\n<div class=\"xdj266r x11i5rnm xat24cr x1mh8g0r x1vvkbs x126k92a\">\n<div dir=\"auto\"><strong><span style=\"color: #ff0000;\">9.12.2023 National Dog Show Radom\/ Krajowa Wystawa Ps\u00f3w Radom<\/span><\/strong><\/div>\n<div dir=\"auto\" style=\"text-align: right;\">.<\/div>\n<\/div>\n<div class=\"x11i5rnm xat24cr x1mh8g0r x1vvkbs xtlvy1s x126k92a\">\n<div dir=\"auto\"><strong>KITTY WINS Moonlight Kiss<\/strong> &#8211; place 1, excellent, Youth Winner, Junior BOB !!!<\/div>\n<div dir=\"auto\">\u00a0 \u00a0 \u00a0 \u00a0 \u00a0 \u00a0 \u00a0 \u00a0 \u00a0 \u00a0 \u00a0 \u00a0 \u00a0 \u00a0 \u00a0 \u00a0 \u00a0 \u00a0 \u00a0 \u00a0 \u00a0 \u00a0 \u00a0 \u00a0 &#8211; lokata 1, ocena doskona\u0142a, Zwyci\u0119zca M\u0142odzie\u017cy, M\u0142odzie\u017cowy Zwyci\u0119zca Rasy!!!<\/div>\n<div dir=\"auto\" style=\"text-align: right;\">.<\/div>\n<\/div>\n<div class=\"x11i5rnm xat24cr x1mh8g0r x1vvkbs xtlvy1s x126k92a\">\n<div dir=\"auto\">Big congratulations to owner <a class=\"x1i10hfl xjbqb8w x6umtig x1b1mbwd xaqea5y xav7gou x9f619 x1ypdohk xt0psk2 xe8uvvx xdj266r x11i5rnm xat24cr x1mh8g0r xexx8yu x4uap5 x18d9i69 xkhd6sd x16tdsg8 x1hl2dhg xggy1nq x1a2a7pz xt0b8zv x1qq9wsj xo1l8bm\" tabindex=\"0\" role=\"link\" href=\"https:\/\/www.facebook.com\/abc222111?__cft__[0]=AZUG8gezub87uRnrCYO4pod918UvGaq8Ce5iwJlpt0WyhEtqWNkey8C0dOpFQxEhMKfLSt5t0AbHyzYxkdFjKD--pBqTvwU40jXTu2TV3qNYzUMJfKT4FfAeyas3VL9Yrsw&amp;__tn__=-]K-R\"><span class=\"xt0psk2\">Dominika Ja\u015bka<\/span><\/a><\/div>\n<div dir=\"auto\" style=\"text-align: right;\">.<\/div>\n<div dir=\"auto\"><img loading=\"lazy\" decoding=\"async\" class=\"size-full wp-image-894 aligncenter\" src=\"http:\/\/moonlightkiss.eu\/wp-content\/uploads\/2023\/12\/410032023_7884516128241699_8060921166155492946_n.jpg\" alt=\"\" width=\"647\" height=\"896\" srcset=\"https:\/\/moonlightkiss.eu\/wp-content\/uploads\/2023\/12\/410032023_7884516128241699_8060921166155492946_n.jpg 647w, https:\/\/moonlightkiss.eu\/wp-content\/uploads\/2023\/12\/410032023_7884516128241699_8060921166155492946_n-217x300.jpg 217w\" sizes=\"(max-width: 647px) 100vw, 647px\" \/><\/div>\n<\/div>\n<p>( parents <span style=\"color: #000000;\">KITTY WINS Moonlight Kiss &#8222;Chani&#8221; : CH.PL HYPERSONIC Moonlight Kiss &#8222;Hyper&#8221; x Grand Alliance RAPSODIYA &#8222;Niki&#8221; )<\/span><\/p>\n<p>_________________________________________________________________________________________<\/p>\n<p><span style=\"color: #ff0000;\"><strong>16.11.2023 Born LITTER \u201eL\u201d \/ Urodziny Miotu \u201eL\u201d 2023<\/strong><\/span><\/p>\n<div class=\"kvgmc6g5 cxmmr5t8 oygrvhab hcukyx3x c1et5uql ii04i59q\">\n<div dir=\"auto\"><strong>Born : 3 girls &amp; 2 boy<\/strong><\/div>\n<div dir=\"auto\"><strong>Urodzi\u0142y si\u0119 : 3 suczki &amp; 2 pieski<\/strong><\/div>\n<div dir=\"auto\">.<\/div>\n<div dir=\"auto\"><\/div>\n<\/div>\n<div dir=\"auto\" style=\"text-align: center;\">Father:<\/div>\n<div dir=\"auto\" style=\"text-align: center;\">J.CH. PL , CH.PL\u00a0<strong>\u00a0HYPERSONIC Moonlight Kiss \u201eHyper\u201d<\/strong><\/div>\n<div dir=\"auto\" style=\"text-align: center;\">( JCH, CH Blesk Fortuni KEVIN x CH. KISS MOONLIGHT Laurettisza \u201eMuna\u201d)<\/div>\n<div dir=\"auto\" style=\"text-align: center;\"><\/div>\n<div dir=\"auto\" style=\"text-align: center;\">PRA1 \u2013 N\/N, NAD \u2013 N\/N, Vwd1 \u2013 N\/N, PL- 0\/0 ,<\/div>\n<div dir=\"auto\" style=\"text-align: center;\">.<\/div>\n<div dir=\"auto\" style=\"text-align: center;\">Mother:<\/div>\n<div dir=\"auto\" style=\"text-align: center;\"><strong>Grand Alliance RAPSODIYA \u201eNiki\u201d<\/strong><\/div>\n<div dir=\"auto\" style=\"text-align: center;\">( Multi CH. Grand Alliance LEVASSER x Grand Alliance ISTINNAYA LEDI)<\/div>\n<div dir=\"auto\" style=\"text-align: center;\"><\/div>\n<div dir=\"auto\" style=\"text-align: center;\">PRA1 \u2013 N\/N, NAD \u2013 N\/N, PL- 0\/0 ,<\/div>\n<div dir=\"auto\"><img loading=\"lazy\" decoding=\"async\" class=\"size-full wp-image-889 aligncenter\" src=\"http:\/\/moonlightkiss.eu\/wp-content\/uploads\/2023\/11\/84abcccc.jpg\" alt=\"\" width=\"1500\" height=\"984\" srcset=\"https:\/\/moonlightkiss.eu\/wp-content\/uploads\/2023\/11\/84abcccc.jpg 1500w, https:\/\/moonlightkiss.eu\/wp-content\/uploads\/2023\/11\/84abcccc-300x197.jpg 300w, https:\/\/moonlightkiss.eu\/wp-content\/uploads\/2023\/11\/84abcccc-768x504.jpg 768w, https:\/\/moonlightkiss.eu\/wp-content\/uploads\/2023\/11\/84abcccc-1024x672.jpg 1024w, https:\/\/moonlightkiss.eu\/wp-content\/uploads\/2023\/11\/84abcccc-457x300.jpg 457w\" sizes=\"(max-width: 1500px) 100vw, 1500px\" \/><\/div>\n<div dir=\"auto\">_____________________________________________________________________________________________<\/div>\n<p><strong><span style=\"color: #ff0000;\">4.11.2023 International Dog Show (CACIB) POZNA\u0143 \/ Mi\u0119dzynarodowa Wystawa Ps\u00f3w Pozna\u0144<\/span><\/strong><\/p>\n<p><strong>KITTY WINS Moonlight Kiss &#8222;Chani&#8221; :<\/strong><br \/>\n&#8211;\u00a0 place 1\/4 , excellent, CACIB-J, BOSJ!!!!<br \/>\n&#8211; lokata 1\/4, ocena doskona\u0142a, Zwyci\u0119zca M\u0142odzie\u017cy, Wniosek na M\u0142odzie\u017cowego Interchampiona, M\u0142odzie\u017cowy Zwyci\u0119zca Rasy P\u0142ci Przeciwnej!!<\/p>\n<p>Big congratulations to owner\u00a0<a class=\"x1i10hfl xjbqb8w x6umtig x1b1mbwd xaqea5y xav7gou x9f619 x1ypdohk xt0psk2 xe8uvvx xdj266r x11i5rnm xat24cr x1mh8g0r xexx8yu x4uap5 x18d9i69 xkhd6sd x16tdsg8 x1hl2dhg xggy1nq x1a2a7pz xt0b8zv xzsf02u x1s688f\" tabindex=\"0\" role=\"link\" href=\"https:\/\/www.facebook.com\/abc222111?__tn__=-]K*F\"><span class=\"xt0psk2\">Dominika Ja\u015bka<\/span><\/a>\u00a0!!!!<\/p>\n<p>Judge: P\u00e9ter Hars\u00e1nyi (HU)<br \/>\nHandling: Oliwia Rowicka<\/p>\n<p><img loading=\"lazy\" decoding=\"async\" class=\"size-full wp-image-864 aligncenter\" src=\"http:\/\/moonlightkiss.eu\/wp-content\/uploads\/2023\/10\/394358155_6686384411483991_1658963222615826612_n.jpg\" alt=\"\" width=\"2048\" height=\"1469\" srcset=\"https:\/\/moonlightkiss.eu\/wp-content\/uploads\/2023\/10\/394358155_6686384411483991_1658963222615826612_n.jpg 2048w, https:\/\/moonlightkiss.eu\/wp-content\/uploads\/2023\/10\/394358155_6686384411483991_1658963222615826612_n-300x215.jpg 300w, https:\/\/moonlightkiss.eu\/wp-content\/uploads\/2023\/10\/394358155_6686384411483991_1658963222615826612_n-768x551.jpg 768w, https:\/\/moonlightkiss.eu\/wp-content\/uploads\/2023\/10\/394358155_6686384411483991_1658963222615826612_n-1024x735.jpg 1024w, https:\/\/moonlightkiss.eu\/wp-content\/uploads\/2023\/10\/394358155_6686384411483991_1658963222615826612_n-418x300.jpg 418w\" sizes=\"(max-width: 2048px) 100vw, 2048px\" \/><\/p>\n<p>( parents <span style=\"color: #000000;\">KITTY WINS Moonlight Kiss &#8222;Chani&#8221; : CH.PL HYPERSONIC Moonlight Kiss &#8222;Hyper&#8221; x Grand Alliance RAPSODIYA &#8222;Niki&#8221; )<\/span><\/p>\n<p>___________________________________________________________________________________________<\/p>\n<p><span style=\"color: #ff0000;\"><strong>21.10.2023. X National Dog Show Pruszk\u00f3w \/ Krajowa Wystawa Ps\u00f3w Pruszk\u00f3w<\/strong><\/span><\/p>\n<p><strong>*KITTY WINS Moonlight Kiss &#8222;Chani&#8221;<\/strong><br \/>\nEXCELLENT, place 2\/3<br \/>\nocena doskona\u0142a, lokata II\/III<\/p>\n<p>Judge: Vladimir Piskay (SK)<\/p>\n<p>Big congratulations to owner:\u00a0<span class=\"xt0psk2\">Dominika Ja\u015bka !<\/span><\/p>\n<p>Handler: Nina Szarska<br \/>\nGroomer: Ola Poleszak<br \/>\nTrener: Oliwia Rowicka<\/p>\n<p>&nbsp;<\/p>\n<p><img loading=\"lazy\" decoding=\"async\" class=\"size-full wp-image-865 aligncenter\" src=\"http:\/\/moonlightkiss.eu\/wp-content\/uploads\/2023\/10\/392928056_7679228952103752_6350100987591366069_n.jpg\" alt=\"\" width=\"2048\" height=\"1429\" srcset=\"https:\/\/moonlightkiss.eu\/wp-content\/uploads\/2023\/10\/392928056_7679228952103752_6350100987591366069_n.jpg 2048w, https:\/\/moonlightkiss.eu\/wp-content\/uploads\/2023\/10\/392928056_7679228952103752_6350100987591366069_n-300x209.jpg 300w, https:\/\/moonlightkiss.eu\/wp-content\/uploads\/2023\/10\/392928056_7679228952103752_6350100987591366069_n-768x536.jpg 768w, https:\/\/moonlightkiss.eu\/wp-content\/uploads\/2023\/10\/392928056_7679228952103752_6350100987591366069_n-1024x715.jpg 1024w, https:\/\/moonlightkiss.eu\/wp-content\/uploads\/2023\/10\/392928056_7679228952103752_6350100987591366069_n-430x300.jpg 430w\" sizes=\"(max-width: 2048px) 100vw, 2048px\" \/><\/p>\n<p>( parents <span style=\"color: #000000;\">KITTY WINS Moonlight Kiss &#8222;Chani&#8221; : CH.PL HYPERSONIC Moonlight Kiss &#8222;Hyper&#8221; x Grand Alliance RAPSODIYA &#8222;Niki&#8221; )<\/span><\/p>\n<div class=\"x1i10hfl xjbqb8w x6umtig x1b1mbwd xaqea5y xav7gou x9f619 x1ypdohk xt0psk2 xe8uvvx xdj266r x11i5rnm xat24cr x1mh8g0r xexx8yu x4uap5 x18d9i69 xkhd6sd x16tdsg8 x1hl2dhg xggy1nq x1a2a7pz xt0b8zv xzsf02u x1s688f\" tabindex=\"0\" role=\"button\">_________________________________________________________________________________________<\/div>\n<div tabindex=\"0\" role=\"button\"><\/div>\n<p><span style=\"color: #ff0000;\"><strong>10.06.2023r Happy 3 Birthday Litter &#8222;H&#8221;<\/strong><\/span><\/p>\n<p><strong>J.CH.PL, CH.PL HYPERSONIC MoonlightKiss &#8222;Hyper&#8221; <\/strong>(owner : Paulina Bednarowska)<\/p>\n<p><img loading=\"lazy\" decoding=\"async\" class=\"alignnone wp-image-845 size-full\" src=\"http:\/\/moonlightkiss.eu\/wp-content\/uploads\/2023\/08\/348610986_793548192090874_8575548225142119673_n.jpg\" alt=\"\" width=\"960\" height=\"640\" srcset=\"https:\/\/moonlightkiss.eu\/wp-content\/uploads\/2023\/08\/348610986_793548192090874_8575548225142119673_n.jpg 960w, https:\/\/moonlightkiss.eu\/wp-content\/uploads\/2023\/08\/348610986_793548192090874_8575548225142119673_n-300x200.jpg 300w, https:\/\/moonlightkiss.eu\/wp-content\/uploads\/2023\/08\/348610986_793548192090874_8575548225142119673_n-768x512.jpg 768w, https:\/\/moonlightkiss.eu\/wp-content\/uploads\/2023\/08\/348610986_793548192090874_8575548225142119673_n-450x300.jpg 450w\" sizes=\"(max-width: 960px) 100vw, 960px\" \/><\/p>\n<p>Hyper is a Stud Dog. More informations will provide owner Paulina Bednarowska \/ Hyper jest Psem reproduktorem. Wi\u0119cej informacji udzieli w\u0142a\u015bcicielka Paulina Bednarowska<\/p>\n<p><img loading=\"lazy\" decoding=\"async\" class=\"aligncenter wp-image-849 size-large\" src=\"http:\/\/moonlightkiss.eu\/wp-content\/uploads\/2023\/08\/317254876_5937235236336043_6551651125641478268_n-713x1024.jpg\" alt=\"\" width=\"584\" height=\"839\" srcset=\"https:\/\/moonlightkiss.eu\/wp-content\/uploads\/2023\/08\/317254876_5937235236336043_6551651125641478268_n-713x1024.jpg 713w, https:\/\/moonlightkiss.eu\/wp-content\/uploads\/2023\/08\/317254876_5937235236336043_6551651125641478268_n-209x300.jpg 209w, https:\/\/moonlightkiss.eu\/wp-content\/uploads\/2023\/08\/317254876_5937235236336043_6551651125641478268_n-768x1103.jpg 768w, https:\/\/moonlightkiss.eu\/wp-content\/uploads\/2023\/08\/317254876_5937235236336043_6551651125641478268_n.jpg 1426w\" sizes=\"(max-width: 584px) 100vw, 584px\" \/><\/p>\n<p><strong>CH.PL HYPERSPACE Moonlight Kiss &#8222;Suzi&#8221; <\/strong>(owner : ME \ud83d\ude42 )<\/p>\n<p><img loading=\"lazy\" decoding=\"async\" class=\"aligncenter wp-image-846 size-full\" src=\"http:\/\/moonlightkiss.eu\/wp-content\/uploads\/2023\/08\/316184782_6520604081299584_366238749482727483_n.jpg\" alt=\"\" width=\"1500\" height=\"993\" srcset=\"https:\/\/moonlightkiss.eu\/wp-content\/uploads\/2023\/08\/316184782_6520604081299584_366238749482727483_n.jpg 1500w, https:\/\/moonlightkiss.eu\/wp-content\/uploads\/2023\/08\/316184782_6520604081299584_366238749482727483_n-300x199.jpg 300w, https:\/\/moonlightkiss.eu\/wp-content\/uploads\/2023\/08\/316184782_6520604081299584_366238749482727483_n-768x508.jpg 768w, https:\/\/moonlightkiss.eu\/wp-content\/uploads\/2023\/08\/316184782_6520604081299584_366238749482727483_n-1024x678.jpg 1024w, https:\/\/moonlightkiss.eu\/wp-content\/uploads\/2023\/08\/316184782_6520604081299584_366238749482727483_n-453x300.jpg 453w\" sizes=\"(max-width: 1500px) 100vw, 1500px\" \/><\/p>\n<p style=\"text-align: right;\">.<\/p>\n<p>____________________________________________________________________________________________<\/p>\n<p><strong><span style=\"color: #ff0000;\"> 12.05.2023 Dog Show Dortmund, Germany \/ Wystawa Ps\u00f3w , Niemcy<\/span><\/strong><\/p>\n<ul>\n<li><span style=\"color: #000000;\"><span style=\"color: #000000;\"><strong>KING HENRY Moonlight Kiss &#8222;Henry&#8221;<\/strong> &#8211; place 1, very promising, <strong>BOB Minor Puppy !!!<\/strong><br \/>\nHenry Zdoby\u0142 zdoby\u0142 lokat\u0119 1, dosta\u0142 ocen\u0119 wybitnie obiecuj\u0105c\u0105 oraz tytu\u0142 <strong>Najlepsze M\u0142odsze Szczeni\u0119 w Rasie!!!!!!!\u00a0<\/strong><\/span><\/span><\/li>\n<\/ul>\n<p>Big congratulations for his owner El\u017cbieta Bernattek! \/ Ogromne gratulacje dla w\u0142a\u015bcicielki El\u017cbiety Bernattek !!<\/p>\n<p><img loading=\"lazy\" decoding=\"async\" class=\"aligncenter wp-image-831 size-large\" src=\"http:\/\/moonlightkiss.eu\/wp-content\/uploads\/2023\/08\/347238160_223150550439617_8196608579316461841_n-1024x768.jpg\" alt=\"\" width=\"584\" height=\"438\" srcset=\"https:\/\/moonlightkiss.eu\/wp-content\/uploads\/2023\/08\/347238160_223150550439617_8196608579316461841_n-1024x768.jpg 1024w, https:\/\/moonlightkiss.eu\/wp-content\/uploads\/2023\/08\/347238160_223150550439617_8196608579316461841_n-300x225.jpg 300w, https:\/\/moonlightkiss.eu\/wp-content\/uploads\/2023\/08\/347238160_223150550439617_8196608579316461841_n-768x576.jpg 768w, https:\/\/moonlightkiss.eu\/wp-content\/uploads\/2023\/08\/347238160_223150550439617_8196608579316461841_n-400x300.jpg 400w, https:\/\/moonlightkiss.eu\/wp-content\/uploads\/2023\/08\/347238160_223150550439617_8196608579316461841_n.jpg 2048w\" sizes=\"(max-width: 584px) 100vw, 584px\" \/><\/p>\n<p>( parents <span style=\"color: #000000;\">KING HENRY Moonlight Kiss &#8222;Henry&#8221; : CH.PL HYPERSONIC Moonlight Kiss &#8222;Hyper&#8221; x Grand Alliance RAPSODIYA &#8222;Niki&#8221; )<\/span><\/p>\n<p>______________________________________________________________________________________________<\/p>\n<p style=\"text-align: right;\">.<\/p>\n<p><strong><span style=\"color: #ff0000;\">Happy Easter !!! Weso\u0142ych \u015awi\u0105t Wielkanocnych !!!<\/span><\/strong><\/p>\n<p><img loading=\"lazy\" decoding=\"async\" class=\"aligncenter wp-image-825 size-large\" src=\"http:\/\/moonlightkiss.eu\/wp-content\/uploads\/2023\/08\/25b-1024x696.jpg\" alt=\"\" width=\"584\" height=\"397\" srcset=\"https:\/\/moonlightkiss.eu\/wp-content\/uploads\/2023\/08\/25b-1024x696.jpg 1024w, https:\/\/moonlightkiss.eu\/wp-content\/uploads\/2023\/08\/25b-300x204.jpg 300w, https:\/\/moonlightkiss.eu\/wp-content\/uploads\/2023\/08\/25b-768x522.jpg 768w, https:\/\/moonlightkiss.eu\/wp-content\/uploads\/2023\/08\/25b-441x300.jpg 441w, https:\/\/moonlightkiss.eu\/wp-content\/uploads\/2023\/08\/25b.jpg 1660w\" sizes=\"(max-width: 584px) 100vw, 584px\" \/><\/p>\n<p>____________________________________________________________________________________________<\/p>\n<p><strong><span style=\"color: #ff0000;\">16.03.2023 XLVII National Dog Show Radom \/ Krajowa Wystawa Ps\u00f3w Rasowych Ba\u0142t\u00f3w (O\/Radom)<\/span><\/strong><\/p>\n<ul>\n<li><span style=\"color: #000000;\"><strong>KITTY WINS Moonlight Kiss &#8222;Chani&#8221;- <\/strong>place 1, very promising, <strong>BOB PUPPY!!!!!!<br \/>\n<\/strong><\/span><span style=\"color: #000000;\"><span style=\"color: #000000;\">Chani zdoby\u0142a lokat\u0119 1, dosta\u0142a ocen\u0119 wybitnie obiecuj\u0105c\u0105 oraz tytu\u0142 <strong>Najlepsze Szczeni\u0119 w Rasie!!!!!!!<br \/>\n<\/strong><\/span><\/span><em>\u00a0Handling: Oliwia Rowicka<\/em><\/li>\n<\/ul>\n<p>Big\u00a0congratulations\u00a0for her owner\u00a0<span class=\"xt0psk2\">Dominika Ja\u015bka\u00a0<\/span>\/ Ogromne Gratulacje dla w\u0142a\u015bcicielki Dominiki Ja\u015bki!<\/p>\n<p><img loading=\"lazy\" decoding=\"async\" class=\"aligncenter wp-image-827 size-large\" src=\"http:\/\/moonlightkiss.eu\/wp-content\/uploads\/2023\/08\/received_621059613401926-683x1024.jpeg\" alt=\"\" width=\"584\" height=\"876\" srcset=\"https:\/\/moonlightkiss.eu\/wp-content\/uploads\/2023\/08\/received_621059613401926-683x1024.jpeg 683w, https:\/\/moonlightkiss.eu\/wp-content\/uploads\/2023\/08\/received_621059613401926-200x300.jpeg 200w, https:\/\/moonlightkiss.eu\/wp-content\/uploads\/2023\/08\/received_621059613401926-768x1152.jpeg 768w\" sizes=\"(max-width: 584px) 100vw, 584px\" \/><\/p>\n<p>( parents <span style=\"color: #000000;\">KITTY WINS Moonlight Kiss &#8222;Chani&#8221; : CH.PL HYPERSONIC Moonlight Kiss &#8222;Hyper&#8221; x Grand Alliance RAPSODIYA &#8222;Niki&#8221; )<\/span><\/p>\n<p>_________________________________________________________________________________________<\/p>\n<p><span style=\"color: #ff0000;\"><strong>14.02.2023r Happy 10 Birthday my sweet princess Muna (Kiss Moonlight Laurettisza) \/ Wszystkiego najlepszego z okazji 10 urodzin dla mojej najukocha\u0144szej Muny!!<\/strong><\/span><\/p>\n<p style=\"text-align: center;\">Muna is a female from the first litter I raised. A wonderful mother of many wonderful Champions. Her children scattered all over the world. Her puppies live in Italy, Sweden, USA, Germany, England and of course in Poland. Muna has even become a grandmother \ud83d\ude42 These 10 years together passed very quickly and I hope that we will spend the next 10 years together &lt;3<\/p>\n<p style=\"text-align: center;\">*<\/p>\n<p style=\"text-align: center;\">Muna to suczka z\u00a0 pierwszego odchowanego przeze mnie miotu. Cudowna mama wielu cudownych Champion\u00f3w. Jej dzieci rozjecha\u0142y si\u0119 po ca\u0142ym \u015bwiecie. Jej szczeniaczki mieszkaj\u0105 we W\u0142oszech, w Szwecji, USA, Niemczech, Anglii i oczywi\u015bcie w Polsce. Muna zosta\u0142a ju\u017c nawet babci\u0105 \ud83d\ude42 Te 10 lat razem min\u0119\u0142o bardzo szybko i oby\u015bmy sp\u0119dzi\u0142y razem kolejne 10 lat &lt;3<\/p>\n<p><img loading=\"lazy\" decoding=\"async\" class=\"aligncenter wp-image-851 size-large\" src=\"http:\/\/moonlightkiss.eu\/wp-content\/uploads\/2023\/08\/1-muna-kola\u017c-2-850x1024.jpg\" alt=\"\" width=\"584\" height=\"704\" srcset=\"https:\/\/moonlightkiss.eu\/wp-content\/uploads\/2023\/08\/1-muna-kola\u017c-2-850x1024.jpg 850w, https:\/\/moonlightkiss.eu\/wp-content\/uploads\/2023\/08\/1-muna-kola\u017c-2-249x300.jpg 249w, https:\/\/moonlightkiss.eu\/wp-content\/uploads\/2023\/08\/1-muna-kola\u017c-2-768x925.jpg 768w, https:\/\/moonlightkiss.eu\/wp-content\/uploads\/2023\/08\/1-muna-kola\u017c-2.jpg 996w\" sizes=\"(max-width: 584px) 100vw, 584px\" \/><\/p>\n<p>&nbsp;<\/p>\n<p><strong>Muna\u2019s puppies on photos:<\/strong><\/p>\n<p>1) INT.CH, Grand CH. Robber Laurettisza \u201eStitch\u201d<br \/>\n2) CH. Resolute Sissi Laurettisza \u201eSissi\u201d<br \/>\n3) Wind Rose Laurettisza \u201eRose\u201d<br \/>\n4) CH. Winter Storm Laurettisza \u201eBijou\u201d<br \/>\n5) Walnut Coffee Cream Laurettisza \u201eCoffee\u201d<br \/>\n6) Charming Isolde Laurettisza \u201e Isolde\u201d<br \/>\n7) CH. Coddy Larettisza \u201eCoddy\u201d<br \/>\n8 ) Crazy Conan Laurettisza<br \/>\n9) Groot Moonlight Kiss \u201eGroot\u201d<br \/>\n10) Grasco Moonlight Kiss \u201eGrasco\u201d<br \/>\n11) CH. Hypersonic Moonlight Kiss \u201eHyper\u201d<br \/>\n12) Heaven Pearl Moonlight Kiss \u201eSissi\u201d<br \/>\n13) CH. Hyperspace Moonlight Kiss \u201eSuzi\u201d<\/p>\n<p><img loading=\"lazy\" decoding=\"async\" class=\"aligncenter wp-image-852 size-full\" src=\"http:\/\/moonlightkiss.eu\/wp-content\/uploads\/2023\/08\/ramka-7.jpg\" alt=\"\" width=\"1200\" height=\"1200\" srcset=\"https:\/\/moonlightkiss.eu\/wp-content\/uploads\/2023\/08\/ramka-7.jpg 1200w, https:\/\/moonlightkiss.eu\/wp-content\/uploads\/2023\/08\/ramka-7-150x150.jpg 150w, https:\/\/moonlightkiss.eu\/wp-content\/uploads\/2023\/08\/ramka-7-300x300.jpg 300w, https:\/\/moonlightkiss.eu\/wp-content\/uploads\/2023\/08\/ramka-7-768x768.jpg 768w, https:\/\/moonlightkiss.eu\/wp-content\/uploads\/2023\/08\/ramka-7-1024x1024.jpg 1024w\" sizes=\"(max-width: 1200px) 100vw, 1200px\" \/><\/p>\n<p style=\"text-align: left;\">________________________________________________________________________________________________.<\/p>\n<p><strong><span style=\"color: #ff0000;\">1.01.2023r HAPPY NEW YEAR !!!!! Szcz\u0119\u015bliwego Nowego Roku 2023 !!!!!\u00a0<\/span><\/strong><\/p>\n<p><img loading=\"lazy\" decoding=\"async\" class=\"size-large wp-image-822 aligncenter\" src=\"http:\/\/moonlightkiss.eu\/wp-content\/uploads\/2023\/08\/1c-768x1024.jpg\" alt=\"\" width=\"584\" height=\"779\" srcset=\"https:\/\/moonlightkiss.eu\/wp-content\/uploads\/2023\/08\/1c-768x1024.jpg 768w, https:\/\/moonlightkiss.eu\/wp-content\/uploads\/2023\/08\/1c-225x300.jpg 225w, https:\/\/moonlightkiss.eu\/wp-content\/uploads\/2023\/08\/1c.jpg 1500w\" sizes=\"(max-width: 584px) 100vw, 584px\" \/><\/p>\n","protected":false},"excerpt":{"rendered":"<p>______________________________________________________________________________________ 9.12.2023 Born Litter &#8222;M&#8221; \/ Urodziny Miotu &#8222;M&#8221; father: Junior Champion of Poland Champion od Poland Champion of Slovakia Champion of Czech Republic Champion Hyngary Champion of Serbia Champion of Montenegro Champion of Macedonia Champion of Croatia MEMORY OF &hellip; <a href=\"https:\/\/moonlightkiss.eu\/index.php\/2-2\/news-2023-nowosci-2023\/\">Czytaj dalej <span class=\"meta-nav\">&rarr;<\/span><\/a><\/p>\n","protected":false},"author":1,"featured_media":0,"parent":48,"menu_order":92,"comment_status":"closed","ping_status":"closed","template":"showcase.php","meta":{"footnotes":""},"_links":{"self":[{"href":"https:\/\/moonlightkiss.eu\/index.php\/wp-json\/wp\/v2\/pages\/821"}],"collection":[{"href":"https:\/\/moonlightkiss.eu\/index.php\/wp-json\/wp\/v2\/pages"}],"about":[{"href":"https:\/\/moonlightkiss.eu\/index.php\/wp-json\/wp\/v2\/types\/page"}],"author":[{"embeddable":true,"href":"https:\/\/moonlightkiss.eu\/index.php\/wp-json\/wp\/v2\/users\/1"}],"replies":[{"embeddable":true,"href":"https:\/\/moonlightkiss.eu\/index.php\/wp-json\/wp\/v2\/comments?post=821"}],"version-history":[{"count":24,"href":"https:\/\/moonlightkiss.eu\/index.php\/wp-json\/wp\/v2\/pages\/821\/revisions"}],"predecessor-version":[{"id":959,"href":"https:\/\/moonlightkiss.eu\/index.php\/wp-json\/wp\/v2\/pages\/821\/revisions\/959"}],"up":[{"embeddable":true,"href":"https:\/\/moonlightkiss.eu\/index.php\/wp-json\/wp\/v2\/pages\/48"}],"wp:attachment":[{"href":"https:\/\/moonlightkiss.eu\/index.php\/wp-json\/wp\/v2\/media?parent=821"}],"curies":[{"name":"wp","href":"https:\/\/api.w.org\/{rel}","templated":true}]}}