{"id":753,"date":"2022-05-16T15:37:06","date_gmt":"2022-05-16T13:37:06","guid":{"rendered":"http:\/\/moonlightkiss.eu\/?page_id=753"},"modified":"2023-08-02T00:46:13","modified_gmt":"2023-08-01T22:46:13","slug":"news-2022-nowosci-2022","status":"publish","type":"page","link":"https:\/\/moonlightkiss.eu\/index.php\/2-2\/news-2022-nowosci-2022\/","title":{"rendered":"NEWS 2022\/ Nowo\u015bci 2022"},"content":{"rendered":"<div dir=\"auto\" style=\"text-align: right;\">.<\/div>\n<div dir=\"auto\"><span style=\"color: #ff0000;\"><strong>.<\/strong><\/span><\/div>\n<div dir=\"auto\"><span style=\"color: #ff0000;\"><strong>24.12.2022r\u00a0 \u00a0 MERRY CHRISTMAS !!!!!\u00a0 \u00a0 Weso\u0142ych \u015awi\u0105t!!!<\/strong><\/span><\/div>\n<div dir=\"auto\" style=\"text-align: right;\">.<\/div>\n<div dir=\"auto\"><img loading=\"lazy\" decoding=\"async\" class=\"aligncenter wp-image-818 size-large\" src=\"http:\/\/moonlightkiss.eu\/wp-content\/uploads\/2023\/08\/1de-999x1024.jpg\" alt=\"\" width=\"584\" height=\"599\" srcset=\"https:\/\/moonlightkiss.eu\/wp-content\/uploads\/2023\/08\/1de-999x1024.jpg 999w, https:\/\/moonlightkiss.eu\/wp-content\/uploads\/2023\/08\/1de-293x300.jpg 293w, https:\/\/moonlightkiss.eu\/wp-content\/uploads\/2023\/08\/1de-768x787.jpg 768w, https:\/\/moonlightkiss.eu\/wp-content\/uploads\/2023\/08\/1de.jpg 1411w\" sizes=\"(max-width: 584px) 100vw, 584px\" \/><\/div>\n<div dir=\"auto\">\u017bycz\u0119 Wszystkim Weso\u0142ych i Spokojnych \u015awi\u0105t Bo\u017cego Narodzenia, sp\u0119dzonych w gronie\u00a0 rodziny ludzkiej jak i oczywi\u015bcie psiej :*<\/div>\n<div dir=\"auto\"><\/div>\n<div dir=\"auto\">___________________________________________________________________________________________<\/div>\n<div dir=\"auto\"><\/div>\n<div dir=\"auto\"><span style=\"color: #ff0000;\"><strong>2.10.2022r National Dog Show Nowy Dw\u00f3r Mazowiecki o\/Legionowo \/ Krajowa Wystawa Ps\u00f3w Legionowo<\/strong><\/span><\/div>\n<div dir=\"auto\" style=\"text-align: right;\">.<\/div>\n<div dir=\"auto\">\u2022 <strong>&#8222;Suzi&#8221; HYPRSPACE Moonlight Kiss &#8211; <\/strong>Place I\/II, excellent, CAC \/open class \/<\/div>\n<div dir=\"auto\">Suzi zdoby\u0142a lokat\u0119 1, ocen\u0119 doskona\u0142\u0105 oraz wniosek na Championa Polski CWC<\/div>\n<div dir=\"auto\" style=\"text-align: right;\">.<\/div>\n<div dir=\"auto\"><em>judge: El\u017cbieta Augustyniak<\/em><\/div>\n<div dir=\"auto\" style=\"text-align: right;\">.<\/div>\n<div dir=\"auto\">\n<p><strong><span style=\"color: #ff0000;\">Suzi is a NEW POLISH CHAMPION!!!!!!!!!!!!!!!!!!!! Suzi uko\u0144czy\u0142a dzi\u015b starania o tytu\u0142 CHAMPIONA POLSKI!!!!!!!<\/span><\/strong><\/p>\n<p style=\"text-align: right;\">.<\/p>\n<\/div>\n<div dir=\"auto\"><img loading=\"lazy\" decoding=\"async\" class=\"size-full wp-image-813 aligncenter\" src=\"http:\/\/moonlightkiss.eu\/wp-content\/uploads\/2023\/08\/9.jpg\" alt=\"\" width=\"1128\" height=\"1200\" srcset=\"https:\/\/moonlightkiss.eu\/wp-content\/uploads\/2023\/08\/9.jpg 1128w, https:\/\/moonlightkiss.eu\/wp-content\/uploads\/2023\/08\/9-282x300.jpg 282w, https:\/\/moonlightkiss.eu\/wp-content\/uploads\/2023\/08\/9-768x817.jpg 768w, https:\/\/moonlightkiss.eu\/wp-content\/uploads\/2023\/08\/9-963x1024.jpg 963w\" sizes=\"(max-width: 1128px) 100vw, 1128px\" \/><\/div>\n<div dir=\"auto\">(parents Suzi: JCH. CH. Blesk Fortuni KEVIN x CH. KISS MOONLIGHT Laurettisza &#8222;Muna&#8221;)<\/div>\n<div dir=\"auto\">.<\/div>\n<div dir=\"auto\">________________________________________________________________________________________<\/div>\n<div dir=\"auto\"><\/div>\n<div dir=\"auto\"><\/div>\n<div dir=\"auto\"><strong><span style=\"color: #ff0000;\">23.07.2022\u00a0 Club Dog Show Lipno \/ Klubowa Wystawa Ps\u00f3w Lipno<\/span><\/strong><\/div>\n<div dir=\"auto\">.<\/div>\n<ul>\n<li dir=\"auto\"><span style=\"color: #000000;\"><strong>J.CH HYPERSONIC Moonlight Kiss \u201eHyper\u201d<\/strong> &#8211; place 1, excellent, CAC<br \/>\n<\/span>Hyper zdoby\u0142 lokat\u0119 1, ocen\u0119 doskona\u0142\u0105 oraz wniosek na Championa Polski CWC<\/li>\n<\/ul>\n<p><span style=\"color: #000000;\">Big\u00a0congratulations\u00a0to owner : Paulina Bednarowska !<\/span><\/p>\n<p>________________________________________________________________________________________<\/p>\n<div dir=\"auto\"><\/div>\n<div dir=\"auto\"><strong><span style=\"color: #ff0000;\">23.07.2022\u00a0 National Dog Show Lipno \/ Krajowa Wystawa Ps\u00f3w Lipno<br \/>\n<\/span><\/strong><\/div>\n<div dir=\"auto\">.<\/div>\n<ul>\n<li><span style=\"color: #000000;\"><strong>J.CH HYPERSONIC Moonlight Kiss \u201eHyper\u201d<\/strong> &#8211; place 1, excellent, CAC<br \/>\n<\/span>Hyper zdoby\u0142 lokat\u0119 1, ocen\u0119 doskona\u0142\u0105 oraz wniosek na Championa Polski CWC<br \/>\n.<br \/>\n<span style=\"color: #ff0000;\"><strong>He finish POLISH CHAMPION !!!! Hyper uko\u0144czy\u0142 starania o tytu\u0142\u00a0 CHAMPIONA POLSKI!!!!!!!! <\/strong><\/span><\/li>\n<\/ul>\n<p><span style=\"color: #ff0000;\"><strong><br \/>\n<\/strong><\/span><span style=\"color: #000000;\">Big\u00a0congratulations\u00a0to owner : Paulina Bednarowska !<\/span><\/p>\n<div dir=\"auto\"><img loading=\"lazy\" decoding=\"async\" class=\"aligncenter wp-image-837 size-large\" src=\"http:\/\/moonlightkiss.eu\/wp-content\/uploads\/2023\/08\/295616530_6162448537115142_3423471830960635652_n-1024x1024.jpg\" alt=\"\" width=\"584\" height=\"584\" srcset=\"https:\/\/moonlightkiss.eu\/wp-content\/uploads\/2023\/08\/295616530_6162448537115142_3423471830960635652_n-1024x1024.jpg 1024w, https:\/\/moonlightkiss.eu\/wp-content\/uploads\/2023\/08\/295616530_6162448537115142_3423471830960635652_n-150x150.jpg 150w, https:\/\/moonlightkiss.eu\/wp-content\/uploads\/2023\/08\/295616530_6162448537115142_3423471830960635652_n-300x300.jpg 300w, https:\/\/moonlightkiss.eu\/wp-content\/uploads\/2023\/08\/295616530_6162448537115142_3423471830960635652_n-768x768.jpg 768w, https:\/\/moonlightkiss.eu\/wp-content\/uploads\/2023\/08\/295616530_6162448537115142_3423471830960635652_n.jpg 1300w\" sizes=\"(max-width: 584px) 100vw, 584px\" \/><\/div>\n<div dir=\"auto\">(parents Hyper : JCH. CH. Blesk Fortuni KEVIN x CH. KISS MOONLIGHT Laurettisza &#8222;Muna&#8221;)<\/div>\n<div dir=\"auto\">_______________________________________________________________________________________________<\/div>\n<div dir=\"auto\" style=\"text-align: right;\">.<\/div>\n<div dir=\"auto\"><\/div>\n<div dir=\"auto\"><\/div>\n<div dir=\"auto\"><strong><span style=\"color: #ff0000;\">15.05.2022 International (CACIB) Dog Show \u0141\u00f3d\u017a \/ 15.05.2022 Mi\u0119dzynarodowa Wystawa \u0141\u00f3d\u017a<\/span><\/strong><\/div>\n<div dir=\"auto\">.<\/div>\n<div dir=\"auto\"><\/div>\n<ul>\n<li dir=\"auto\"><strong>&#8222;Suzi&#8221; HYPRSPACE Moonlight Kiss<\/strong> &#8211;\u00a0 place1\/3 Exellent, CAC , res. CACIB<\/li>\n<\/ul>\n<div dir=\"auto\"><em>JUDGE: Serghej Volinets (MD)<\/em><\/div>\n<div dir=\"auto\">______________________<\/div>\n<div dir=\"auto\"><\/div>\n<ul>\n<li dir=\"auto\"><strong>&#8222;Suzi&#8221; HYPERSPACE Moonlight Kiss<\/strong> &#8211; lokata 1\/3, ocena doskona\u0142a, CWC i res. CACIB<\/li>\n<\/ul>\n<div dir=\"auto\"><em>S\u0119dzia: Serghej Volines (MD)<\/em><\/div>\n<div dir=\"auto\" style=\"text-align: right;\">.<\/div>\n<div dir=\"auto\"><img loading=\"lazy\" decoding=\"async\" class=\"size-full wp-image-754 aligncenter\" src=\"http:\/\/moonlightkiss.eu\/wp-content\/uploads\/2022\/05\/13aaaa.jpg\" alt=\"\" width=\"1245\" height=\"852\" srcset=\"https:\/\/moonlightkiss.eu\/wp-content\/uploads\/2022\/05\/13aaaa.jpg 1245w, https:\/\/moonlightkiss.eu\/wp-content\/uploads\/2022\/05\/13aaaa-300x205.jpg 300w, https:\/\/moonlightkiss.eu\/wp-content\/uploads\/2022\/05\/13aaaa-768x526.jpg 768w, https:\/\/moonlightkiss.eu\/wp-content\/uploads\/2022\/05\/13aaaa-1024x701.jpg 1024w, https:\/\/moonlightkiss.eu\/wp-content\/uploads\/2022\/05\/13aaaa-438x300.jpg 438w\" sizes=\"(max-width: 1245px) 100vw, 1245px\" \/><\/div>\n<div dir=\"auto\">(parents Suzi: JCH. CH. Blesk Fortuni KEVIN x CH. KISS MOONLIGHT Laurettisza &#8222;Muna&#8221;)<\/div>\n<div dir=\"auto\"><\/div>\n<div dir=\"auto\">______________________________________________________________________________________<\/div>\n<div dir=\"auto\"><\/div>\n<div dir=\"auto\">\n<p><strong><span style=\"color: #ff0000;\">17-18.04.2022 Happy Easter \/ Weso\u0142ych \u015awi\u0105t!<\/span><\/strong><\/p>\n<div dir=\"auto\" style=\"text-align: center;\"><strong><span style=\"color: #ff0000;\">\u017bycz\u0119 wszystkim Weso\u0142ych \u015awi\u0105t!!\u00a0<\/span><\/strong><\/div>\n<div dir=\"auto\" style=\"text-align: center;\"><strong><span style=\"color: #ff0000;\">Happy Easter to all!\u00a0<\/span><\/strong><\/div>\n<div dir=\"auto\"><img loading=\"lazy\" decoding=\"async\" class=\"size-full wp-image-755 aligncenter\" src=\"http:\/\/moonlightkiss.eu\/wp-content\/uploads\/2022\/05\/aaaaaaaaaaatffh.jpg\" alt=\"\" width=\"366\" height=\"550\" srcset=\"https:\/\/moonlightkiss.eu\/wp-content\/uploads\/2022\/05\/aaaaaaaaaaatffh.jpg 366w, https:\/\/moonlightkiss.eu\/wp-content\/uploads\/2022\/05\/aaaaaaaaaaatffh-200x300.jpg 200w\" sizes=\"(max-width: 366px) 100vw, 366px\" \/><\/div>\n<\/div>\n<div dir=\"auto\">_________________________________________________________________________________________<\/div>\n<div dir=\"auto\"><\/div>\n<div dir=\"auto\"><strong><span style=\"color: #ff0000;\">14.04.2022r DNAtest \/ Wyniki bada\u0144 DNA<\/span><\/strong><\/div>\n<div dir=\"auto\">\n<div class=\"kvgmc6g5 cxmmr5t8 oygrvhab hcukyx3x c1et5uql ii04i59q\">\n<div dir=\"auto\" style=\"text-align: right;\">.<\/div>\n<ul>\n<li dir=\"auto\"><strong>JCH. HYPERSONIC Moonlight Kiss<\/strong><\/li>\n<\/ul>\n<div dir=\"auto\">(wyniki bada\u0144 DNA : PRA1, NAD, Vwd1, FVII &#8211; all N\/N PL 0\/0). <strong>Hyper jest ZDROWY<\/strong>!!!<\/div>\n<\/div>\n<\/div>\n<div dir=\"auto\"><\/div>\n<div dir=\"auto\"><img loading=\"lazy\" decoding=\"async\" class=\"size-full wp-image-756 aligncenter\" src=\"http:\/\/moonlightkiss.eu\/wp-content\/uploads\/2022\/05\/12abccccc.jpg\" alt=\"\" width=\"1500\" height=\"1009\" srcset=\"https:\/\/moonlightkiss.eu\/wp-content\/uploads\/2022\/05\/12abccccc.jpg 1500w, https:\/\/moonlightkiss.eu\/wp-content\/uploads\/2022\/05\/12abccccc-300x202.jpg 300w, https:\/\/moonlightkiss.eu\/wp-content\/uploads\/2022\/05\/12abccccc-768x517.jpg 768w, https:\/\/moonlightkiss.eu\/wp-content\/uploads\/2022\/05\/12abccccc-1024x689.jpg 1024w, https:\/\/moonlightkiss.eu\/wp-content\/uploads\/2022\/05\/12abccccc-446x300.jpg 446w\" sizes=\"(max-width: 1500px) 100vw, 1500px\" \/><\/div>\n<div dir=\"auto\"><\/div>\n<div dir=\"auto\">\n<div class=\"cxmmr5t8 oygrvhab hcukyx3x c1et5uql o9v6fnle ii04i59q\">\n<div dir=\"auto\">(JCH. CH. Blesk Fortuni KEVIN x CH. KISS MOONLIGHT Laurettisza &#8222;Muna&#8221;)<\/div>\n<\/div>\n<div class=\"cxmmr5t8 oygrvhab hcukyx3x c1et5uql o9v6fnle ii04i59q\">\n<div dir=\"auto\">owner: Paulina Bednarowska<\/div>\n<\/div>\n<\/div>\n<div dir=\"auto\"><\/div>\n<div dir=\"auto\">______________________________________________________________________________________<\/div>\n<div dir=\"auto\"><\/div>\n<div dir=\"auto\"><strong><span style=\"color: #ff0000;\">30.03.2022r JOY LILY Moonlight Kiss in her new home \/ Joy Lili Moonlight Kiss &#8211; zdj\u0119cia z nowego domu \ud83d\ude42<\/span><\/strong><\/div>\n<div dir=\"auto\" style=\"text-align: right;\">.<\/div>\n<div dir=\"auto\"><\/div>\n<div dir=\"auto\"><img loading=\"lazy\" decoding=\"async\" class=\"size-full wp-image-757 aligncenter\" src=\"http:\/\/moonlightkiss.eu\/wp-content\/uploads\/2022\/05\/b.jpg\" alt=\"\" width=\"635\" height=\"877\" srcset=\"https:\/\/moonlightkiss.eu\/wp-content\/uploads\/2022\/05\/b.jpg 635w, https:\/\/moonlightkiss.eu\/wp-content\/uploads\/2022\/05\/b-217x300.jpg 217w\" sizes=\"(max-width: 635px) 100vw, 635px\" \/><\/div>\n<div dir=\"auto\">\n<div dir=\"auto\">(J.CH HYPERSONIC Moonlight Kiss &#8222;Hyper&#8221; x Grand Alliance RAPSODIYA &#8222;Niki&#8221; )<\/div>\n<\/div>\n<div dir=\"auto\"><\/div>\n<div dir=\"auto\">_________________________________________________________________________________________<\/div>\n<div dir=\"auto\"><\/div>\n<div dir=\"auto\"><strong><span style=\"color: #ff0000;\">12.03.2022r National Dog Show Nowy Dw\u00f3r Mazowiecki o\/Legionowo \/ Krajowa Wystawa Ps\u00f3w<\/span><\/strong><\/div>\n<div dir=\"auto\">\n<div dir=\"auto\"><\/div>\n<ul>\n<li dir=\"auto\"><strong>&#8222;Suzi&#8221; HYPERSPACE Moonlight Kiss<\/strong> &#8211; place I\/III, excellent, CAC, Best Bitch, BOS !!!<\/li>\n<\/ul>\n<div dir=\"auto\">(22 papillons in breed)<\/div>\n<div dir=\"auto\">____<\/div>\n<div dir=\"auto\"><\/div>\n<ul>\n<li dir=\"auto\"><strong>&#8222;Suzi&#8221; HYPERSPACE Moonlight Kiss<\/strong> &#8211; miejsce I\/III, ocena doskona\u0142a, CWC, Najlepsza Doros\u0142a Suka oraz ZWYCI\u0118ZCA RASY P\u0141CI PRZECIWNEJ !!!<\/li>\n<\/ul>\n<div dir=\"auto\">(Zg\u0142oszone by\u0142y 22 papillony)<\/div>\n<\/div>\n<div dir=\"auto\"><img loading=\"lazy\" decoding=\"async\" class=\"size-full wp-image-758 aligncenter\" src=\"http:\/\/moonlightkiss.eu\/wp-content\/uploads\/2022\/05\/1.jpg\" alt=\"\" width=\"1500\" height=\"1068\" srcset=\"https:\/\/moonlightkiss.eu\/wp-content\/uploads\/2022\/05\/1.jpg 1500w, https:\/\/moonlightkiss.eu\/wp-content\/uploads\/2022\/05\/1-300x214.jpg 300w, https:\/\/moonlightkiss.eu\/wp-content\/uploads\/2022\/05\/1-768x547.jpg 768w, https:\/\/moonlightkiss.eu\/wp-content\/uploads\/2022\/05\/1-1024x729.jpg 1024w, https:\/\/moonlightkiss.eu\/wp-content\/uploads\/2022\/05\/1-421x300.jpg 421w\" sizes=\"(max-width: 1500px) 100vw, 1500px\" \/> <img loading=\"lazy\" decoding=\"async\" class=\"size-full wp-image-759 aligncenter\" src=\"http:\/\/moonlightkiss.eu\/wp-content\/uploads\/2022\/05\/2a.jpg\" alt=\"\" width=\"1500\" height=\"1000\" srcset=\"https:\/\/moonlightkiss.eu\/wp-content\/uploads\/2022\/05\/2a.jpg 1500w, https:\/\/moonlightkiss.eu\/wp-content\/uploads\/2022\/05\/2a-300x200.jpg 300w, https:\/\/moonlightkiss.eu\/wp-content\/uploads\/2022\/05\/2a-768x512.jpg 768w, https:\/\/moonlightkiss.eu\/wp-content\/uploads\/2022\/05\/2a-1024x683.jpg 1024w, https:\/\/moonlightkiss.eu\/wp-content\/uploads\/2022\/05\/2a-450x300.jpg 450w\" sizes=\"(max-width: 1500px) 100vw, 1500px\" \/> <img loading=\"lazy\" decoding=\"async\" class=\"size-full wp-image-760 aligncenter\" src=\"http:\/\/moonlightkiss.eu\/wp-content\/uploads\/2022\/05\/5a.jpg\" alt=\"\" width=\"1500\" height=\"1040\" srcset=\"https:\/\/moonlightkiss.eu\/wp-content\/uploads\/2022\/05\/5a.jpg 1500w, https:\/\/moonlightkiss.eu\/wp-content\/uploads\/2022\/05\/5a-300x208.jpg 300w, https:\/\/moonlightkiss.eu\/wp-content\/uploads\/2022\/05\/5a-768x532.jpg 768w, https:\/\/moonlightkiss.eu\/wp-content\/uploads\/2022\/05\/5a-1024x710.jpg 1024w, https:\/\/moonlightkiss.eu\/wp-content\/uploads\/2022\/05\/5a-433x300.jpg 433w\" sizes=\"(max-width: 1500px) 100vw, 1500px\" \/><\/div>\n<div dir=\"auto\">__________________________________________________________________________________________<\/div>\n<div dir=\"auto\"><\/div>\n<div dir=\"auto\"><strong><span style=\"color: #ff0000;\">22.01.2022r Litter &#8222;J&#8221; Moonlight Kiss \/ Miot &#8222;J&#8221;<\/span><\/strong><\/div>\n<div dir=\"auto\"><\/div>\n<div dir=\"auto\">\n<div dir=\"auto\">from the left :<\/div>\n<div dir=\"auto\">JOY LILY Moonlight Kiss<\/div>\n<div dir=\"auto\">JEWEL Moonlight Kiss<\/div>\n<div dir=\"auto\">JIMMY Moonlight Kiss<\/div>\n<div dir=\"auto\">JOKER Moonlight Kiss<\/div>\n<div dir=\"auto\"><span class=\"pq6dq46d tbxw36s4 knj5qynh kvgmc6g5 ditlmg2l oygrvhab nvdbi5me sf5mxxl7 gl3lb2sf hhz5lgdu\"><img loading=\"lazy\" decoding=\"async\" src=\"https:\/\/static.xx.fbcdn.net\/images\/emoji.php\/v9\/tf3\/1.5\/16\/2764.png\" alt=\"\u2764\" width=\"16\" height=\"16\" \/><\/span> (all reserved)<\/div>\n<div dir=\"auto\"><img loading=\"lazy\" decoding=\"async\" class=\"size-full wp-image-761 aligncenter\" src=\"http:\/\/moonlightkiss.eu\/wp-content\/uploads\/2022\/05\/bb.jpg\" alt=\"\" width=\"1500\" height=\"986\" srcset=\"https:\/\/moonlightkiss.eu\/wp-content\/uploads\/2022\/05\/bb.jpg 1500w, https:\/\/moonlightkiss.eu\/wp-content\/uploads\/2022\/05\/bb-300x197.jpg 300w, https:\/\/moonlightkiss.eu\/wp-content\/uploads\/2022\/05\/bb-768x505.jpg 768w, https:\/\/moonlightkiss.eu\/wp-content\/uploads\/2022\/05\/bb-1024x673.jpg 1024w, https:\/\/moonlightkiss.eu\/wp-content\/uploads\/2022\/05\/bb-456x300.jpg 456w\" sizes=\"(max-width: 1500px) 100vw, 1500px\" \/><\/div>\n<div dir=\"auto\">parents: J.CH HYPERSONIC Moonlight Kiss &#8222;Hyper&#8221; x Grand Alliance RAPSODIYA &#8222;Niki&#8221;<\/div>\n<div dir=\"auto\">________________________________________________________________________________________<\/div>\n<div dir=\"auto\" style=\"text-align: right;\">.<\/div>\n<div dir=\"auto\" style=\"text-align: right;\">.<\/div>\n<div dir=\"auto\"><strong><span style=\"color: #ff0000;\">24.12.2021 &amp; 1.01.2022 Merry Christmas and Happy New Year 2022!!<\/span><\/strong><\/div>\n<\/div>\n<div dir=\"auto\"><\/div>\n<div dir=\"auto\"><img loading=\"lazy\" decoding=\"async\" class=\"size-full wp-image-762 aligncenter\" src=\"http:\/\/moonlightkiss.eu\/wp-content\/uploads\/2022\/05\/bbb.jpg\" alt=\"\" width=\"1499\" height=\"1137\" srcset=\"https:\/\/moonlightkiss.eu\/wp-content\/uploads\/2022\/05\/bbb.jpg 1499w, https:\/\/moonlightkiss.eu\/wp-content\/uploads\/2022\/05\/bbb-300x228.jpg 300w, https:\/\/moonlightkiss.eu\/wp-content\/uploads\/2022\/05\/bbb-768x583.jpg 768w, https:\/\/moonlightkiss.eu\/wp-content\/uploads\/2022\/05\/bbb-1024x777.jpg 1024w, https:\/\/moonlightkiss.eu\/wp-content\/uploads\/2022\/05\/bbb-396x300.jpg 396w\" sizes=\"(max-width: 1499px) 100vw, 1499px\" \/><\/div>\n<div dir=\"auto\">\n<div dir=\"auto\"><\/div>\n<\/div>\n<div dir=\"auto\"><\/div>\n","protected":false},"excerpt":{"rendered":"<p>. . 24.12.2022r\u00a0 \u00a0 MERRY CHRISTMAS !!!!!\u00a0 \u00a0 Weso\u0142ych \u015awi\u0105t!!! . \u017bycz\u0119 Wszystkim Weso\u0142ych i Spokojnych \u015awi\u0105t Bo\u017cego Narodzenia, sp\u0119dzonych w gronie\u00a0 rodziny ludzkiej jak i oczywi\u015bcie psiej :* ___________________________________________________________________________________________ 2.10.2022r National Dog Show Nowy Dw\u00f3r Mazowiecki o\/Legionowo \/ Krajowa &hellip; <a href=\"https:\/\/moonlightkiss.eu\/index.php\/2-2\/news-2022-nowosci-2022\/\">Czytaj dalej <span class=\"meta-nav\">&rarr;<\/span><\/a><\/p>\n","protected":false},"author":1,"featured_media":0,"parent":48,"menu_order":93,"comment_status":"closed","ping_status":"closed","template":"showcase.php","meta":{"footnotes":""},"_links":{"self":[{"href":"https:\/\/moonlightkiss.eu\/index.php\/wp-json\/wp\/v2\/pages\/753"}],"collection":[{"href":"https:\/\/moonlightkiss.eu\/index.php\/wp-json\/wp\/v2\/pages"}],"about":[{"href":"https:\/\/moonlightkiss.eu\/index.php\/wp-json\/wp\/v2\/types\/page"}],"author":[{"embeddable":true,"href":"https:\/\/moonlightkiss.eu\/index.php\/wp-json\/wp\/v2\/users\/1"}],"replies":[{"embeddable":true,"href":"https:\/\/moonlightkiss.eu\/index.php\/wp-json\/wp\/v2\/comments?post=753"}],"version-history":[{"count":16,"href":"https:\/\/moonlightkiss.eu\/index.php\/wp-json\/wp\/v2\/pages\/753\/revisions"}],"predecessor-version":[{"id":844,"href":"https:\/\/moonlightkiss.eu\/index.php\/wp-json\/wp\/v2\/pages\/753\/revisions\/844"}],"up":[{"embeddable":true,"href":"https:\/\/moonlightkiss.eu\/index.php\/wp-json\/wp\/v2\/pages\/48"}],"wp:attachment":[{"href":"https:\/\/moonlightkiss.eu\/index.php\/wp-json\/wp\/v2\/media?parent=753"}],"curies":[{"name":"wp","href":"https:\/\/api.w.org\/{rel}","templated":true}]}}