{"id":647,"date":"2021-08-22T13:07:01","date_gmt":"2021-08-22T11:07:01","guid":{"rendered":"http:\/\/moonlightkiss.eu\/?page_id=647"},"modified":"2022-05-16T15:44:18","modified_gmt":"2022-05-16T13:44:18","slug":"news-2021-nowosci-2021","status":"publish","type":"page","link":"https:\/\/moonlightkiss.eu\/index.php\/2-2\/news-2021-nowosci-2021\/","title":{"rendered":"NEWS 2021 \/ Nowo\u015bci 2021"},"content":{"rendered":"<div class=\"kvgmc6g5 cxmmr5t8 oygrvhab hcukyx3x c1et5uql ii04i59q\">\n<div dir=\"auto\">\n<div dir=\"auto\">____________________________________________________________________________________________<\/div>\n<div dir=\"auto\" style=\"text-align: right;\">.<\/div>\n<div dir=\"auto\"><\/div>\n<div dir=\"auto\"><span style=\"color: #ff0000;\"><strong>4.09.2021 National Dog Show Ba\u0142t\u00f3w o\/Radom \/ Krajowa Wystawa w Ba\u0142towie o\/Radom<\/strong><\/span><\/div>\n<div dir=\"auto\" style=\"text-align: right;\">\u00a0.<\/div>\n<ul>\n<li dir=\"auto\">* &#8222;Suzi&#8221; <strong>HYPERSPACE Moonlight Kiss<\/strong> &#8211; place 1, excellent, Youth Winner, <strong>Junior BOB, and BEST OF BREED!!!!!!!\u00a0<\/strong><\/li>\n<li dir=\"auto\">\n<div class=\"kvgmc6g5 cxmmr5t8 oygrvhab hcukyx3x c1et5uql ii04i59q\">\n<div dir=\"auto\">* &#8222;Hyper&#8221; <strong>HYPERSONIC Moonlight Kiss<\/strong> &#8211; \u00a0place 2, excellent<\/div>\n<\/div>\n<div class=\"o9v6fnle cxmmr5t8 oygrvhab hcukyx3x c1et5uql ii04i59q\">\n<div dir=\"auto\">\n<div class=\"oajrlxb2 g5ia77u1 qu0x051f esr5mh6w e9989ue4 r7d6kgcz rq0escxv nhd2j8a9 nc684nl6 p7hjln8o kvgmc6g5 cxmmr5t8 oygrvhab hcukyx3x jb3vyjys rz4wbd8a qt6c0cv9 a8nywdso i1ao9s8h esuyzwwr f1sip0of lzcic4wl\" tabindex=\"0\" role=\"button\">\/Congratulations to owner : Paulina Bednarowska\/<\/div>\n<\/div>\n<\/div>\n<\/li>\n<\/ul>\n<div dir=\"auto\" style=\"text-align: left;\">\u00a0__________<\/div>\n<ul>\n<li dir=\"auto\">&#8222;Suzi&#8221; <strong>HYPERSPACE Moonlight Kiss<br \/>\n<\/strong>&#8211; lokata 1, ocena doskona\u0142a, <strong>Zwyci\u0119zca M\u0142odzie\u017cy, Najlepszy Junior w Rasie oraz ZWYCI\u0118ZCA RASY !!! <\/strong><\/li>\n<li dir=\"auto\">&#8222;Hyper&#8221; <strong>HYPERSONIC Moonlight Kiss<br \/>\n<\/strong>&#8211; lokata 2, ocena doskona\u0142a \/ Gratulacje dla w\u0142a\u015bcicielki : Pauliny Bednarowskiej<\/li>\n<\/ul>\n<div dir=\"auto\">\n<p style=\"text-align: right;\">.<\/p>\n<p>&#8222;Suzi&#8221; <strong>HYPERSPACE Moonlight Kiss :<\/strong><img loading=\"lazy\" decoding=\"async\" class=\"alignnone size-full wp-image-702\" src=\"http:\/\/moonlightkiss.eu\/wp-content\/uploads\/2021\/09\/suzi-zwyci\u0119zca-rasy.jpg\" alt=\"\" width=\"1200\" height=\"1200\" srcset=\"https:\/\/moonlightkiss.eu\/wp-content\/uploads\/2021\/09\/suzi-zwyci\u0119zca-rasy.jpg 1200w, https:\/\/moonlightkiss.eu\/wp-content\/uploads\/2021\/09\/suzi-zwyci\u0119zca-rasy-150x150.jpg 150w, https:\/\/moonlightkiss.eu\/wp-content\/uploads\/2021\/09\/suzi-zwyci\u0119zca-rasy-300x300.jpg 300w, https:\/\/moonlightkiss.eu\/wp-content\/uploads\/2021\/09\/suzi-zwyci\u0119zca-rasy-768x768.jpg 768w, https:\/\/moonlightkiss.eu\/wp-content\/uploads\/2021\/09\/suzi-zwyci\u0119zca-rasy-1024x1024.jpg 1024w\" sizes=\"(max-width: 1200px) 100vw, 1200px\" \/><\/p>\n<p><img loading=\"lazy\" decoding=\"async\" class=\"alignnone size-full wp-image-703\" src=\"http:\/\/moonlightkiss.eu\/wp-content\/uploads\/2021\/09\/medale-Suzi.jpg\" alt=\"\" width=\"856\" height=\"609\" srcset=\"https:\/\/moonlightkiss.eu\/wp-content\/uploads\/2021\/09\/medale-Suzi.jpg 856w, https:\/\/moonlightkiss.eu\/wp-content\/uploads\/2021\/09\/medale-Suzi-300x213.jpg 300w, https:\/\/moonlightkiss.eu\/wp-content\/uploads\/2021\/09\/medale-Suzi-768x546.jpg 768w, https:\/\/moonlightkiss.eu\/wp-content\/uploads\/2021\/09\/medale-Suzi-422x300.jpg 422w\" sizes=\"(max-width: 856px) 100vw, 856px\" \/><\/p>\n<p style=\"text-align: right;\">.<\/p>\n<p>&#8222;Hyper&#8221; <strong>HYPERSONIC Moonlight Kiss :\u00a0<\/strong><img loading=\"lazy\" decoding=\"async\" class=\"alignnone size-full wp-image-704\" src=\"http:\/\/moonlightkiss.eu\/wp-content\/uploads\/2021\/09\/Hyper.jpg\" alt=\"\" width=\"1200\" height=\"1200\" srcset=\"https:\/\/moonlightkiss.eu\/wp-content\/uploads\/2021\/09\/Hyper.jpg 1200w, https:\/\/moonlightkiss.eu\/wp-content\/uploads\/2021\/09\/Hyper-150x150.jpg 150w, https:\/\/moonlightkiss.eu\/wp-content\/uploads\/2021\/09\/Hyper-300x300.jpg 300w, https:\/\/moonlightkiss.eu\/wp-content\/uploads\/2021\/09\/Hyper-768x768.jpg 768w, https:\/\/moonlightkiss.eu\/wp-content\/uploads\/2021\/09\/Hyper-1024x1024.jpg 1024w\" sizes=\"(max-width: 1200px) 100vw, 1200px\" \/><\/p>\n<div dir=\"auto\">(parents \/ rodzice : JCH.PL,CH.PL Blesk Fortuni KEVIN x CH.PL KISS MOONLIGHT Laurettisza &#8222;Muna&#8221; )<\/div>\n<div dir=\"auto\" style=\"text-align: center;\"><\/div>\n<\/div>\n<div dir=\"auto\">_______________________________________________________________________________________<\/div>\n<div dir=\"auto\" style=\"text-align: right;\">.<\/div>\n<\/div>\n<div dir=\"auto\"><\/div>\n<div dir=\"auto\"><span style=\"color: #ff0000;\"><strong>21.08.2021 International Dog Show (CACIB) Bia\u0142ystok \/ Mi\u0119dzynarodowa Wystawa Ps\u00f3w Bia\u0142ystok<\/strong><\/span><\/div>\n<div dir=\"auto\" style=\"text-align: center;\">.<\/div>\n<div dir=\"auto\">* &#8222;Suzi&#8221; <strong>HYPERSPACE Moonlight Kiss<\/strong> &#8211; place I \/ II, excellent, Youth Winner, <strong>Junior BOB<\/strong> !!!!!!!<\/div>\n<div dir=\"auto\" style=\"text-align: center;\">.<\/div>\n<div dir=\"auto\">* &#8222;Hyper&#8221; <strong>HYPERSONIC Moonlight Kiss<\/strong> &#8211; place I \/ II, Excellent, Youth Winner, <strong>Junior BOS<\/strong> !!!!!!!!!!!!<\/div>\n<div dir=\"auto\" style=\"text-align: center;\">.<\/div>\n<\/div>\n<div class=\"o9v6fnle cxmmr5t8 oygrvhab hcukyx3x c1et5uql ii04i59q\">\n<div dir=\"auto\">It was our first show after one year of break. Our Juniors did a great job!!!<\/div>\n<div dir=\"auto\">__________<\/div>\n<div dir=\"auto\" style=\"text-align: center;\">.<\/div>\n<div dir=\"auto\">* &#8222;Suzi&#8221; <strong>HYPERSPACE Moonlight Kiss<\/strong> &#8211; miejsce I \/ II, ocena doskona\u0142a, Zwyci\u0119zca M\u0142odzie\u017cy, <strong>Najlepszy Junior w Rasie, JBOB<\/strong> !!!!!!!<\/div>\n<div dir=\"auto\" style=\"text-align: center;\">.<\/div>\n<div dir=\"auto\">* &#8222;Hyper&#8221; <strong>HYPERSONIC Moonlight Kiss<\/strong> &#8211; miejsce I \/ II, ocena doskona\u0142a, Zwyci\u0119zca M\u0142odzie\u017cy,<strong> JBOS<\/strong> !!!!!!!!!!!!<\/div>\n<div dir=\"auto\" style=\"text-align: center;\">.<\/div>\n<div dir=\"auto\"><\/div>\n<\/div>\n<div class=\"o9v6fnle cxmmr5t8 oygrvhab hcukyx3x c1et5uql ii04i59q\">\n<div dir=\"auto\">Wystawy na chwil\u0119 powr\u00f3ci\u0142y mimo epidemii i to by\u0142a nasza pierwsza wystawa po roku przerwy!!!<\/div>\n<div dir=\"auto\">Cho\u0107 nasza m\u0142odzie\u017c nie mia\u0142a jak \u0107wiczy\u0107 na wystawowych ringach z powodu epidemii to dzi\u015b poradzi\u0142y sobie doskonale mimo braku obycia w t\u0142umie, ha\u0142asie, du\u017cej ilo\u015bci ludzi i ps\u00f3w.<\/div>\n<div dir=\"auto\" style=\"text-align: center;\">.<\/div>\n<div dir=\"auto\"><img loading=\"lazy\" decoding=\"async\" class=\"alignnone size-full wp-image-648\" src=\"http:\/\/moonlightkiss.eu\/wp-content\/uploads\/2021\/08\/b.jpg\" alt=\"\" width=\"1200\" height=\"1080\" srcset=\"https:\/\/moonlightkiss.eu\/wp-content\/uploads\/2021\/08\/b.jpg 1200w, https:\/\/moonlightkiss.eu\/wp-content\/uploads\/2021\/08\/b-300x270.jpg 300w, https:\/\/moonlightkiss.eu\/wp-content\/uploads\/2021\/08\/b-768x691.jpg 768w, https:\/\/moonlightkiss.eu\/wp-content\/uploads\/2021\/08\/b-1024x922.jpg 1024w, https:\/\/moonlightkiss.eu\/wp-content\/uploads\/2021\/08\/b-333x300.jpg 333w\" sizes=\"(max-width: 1200px) 100vw, 1200px\" \/><\/div>\n<\/div>\n<div dir=\"auto\"><\/div>\n<div dir=\"auto\">&#8222;Suzi&#8221;<strong> HYPERSPACE Moonlight Kiss<\/strong> &#8211; place I \/ II, excellent, Youth Winner, <strong>Junior BOB<\/strong> !!!!!!!<\/div>\n<div class=\"o9v6fnle cxmmr5t8 oygrvhab hcukyx3x c1et5uql ii04i59q\">\n<div dir=\"auto\"><\/div>\n<div dir=\"auto\"><img loading=\"lazy\" decoding=\"async\" class=\"alignnone size-full wp-image-649\" src=\"http:\/\/moonlightkiss.eu\/wp-content\/uploads\/2021\/08\/33b.jpg\" alt=\"\" width=\"1418\" height=\"882\" srcset=\"https:\/\/moonlightkiss.eu\/wp-content\/uploads\/2021\/08\/33b.jpg 1418w, https:\/\/moonlightkiss.eu\/wp-content\/uploads\/2021\/08\/33b-300x187.jpg 300w, https:\/\/moonlightkiss.eu\/wp-content\/uploads\/2021\/08\/33b-768x478.jpg 768w, https:\/\/moonlightkiss.eu\/wp-content\/uploads\/2021\/08\/33b-1024x637.jpg 1024w, https:\/\/moonlightkiss.eu\/wp-content\/uploads\/2021\/08\/33b-482x300.jpg 482w\" sizes=\"(max-width: 1418px) 100vw, 1418px\" \/><\/div>\n<\/div>\n<div dir=\"auto\"><\/div>\n<div dir=\"auto\">&#8222;Hyper&#8221; <strong>HYPERSONIC Moonlight Kiss<\/strong> &#8211; place I \/ II, Excellent, Youth Winner, <strong>Junior BOS<\/strong> !!!!!!!!!!!!<\/div>\n<div dir=\"auto\"><\/div>\n<div class=\"o9v6fnle cxmmr5t8 oygrvhab hcukyx3x c1et5uql ii04i59q\">\n<div dir=\"auto\"><img loading=\"lazy\" decoding=\"async\" class=\"alignnone size-full wp-image-650\" src=\"http:\/\/moonlightkiss.eu\/wp-content\/uploads\/2021\/08\/25b.jpg\" alt=\"\" width=\"1500\" height=\"1045\" srcset=\"https:\/\/moonlightkiss.eu\/wp-content\/uploads\/2021\/08\/25b.jpg 1500w, https:\/\/moonlightkiss.eu\/wp-content\/uploads\/2021\/08\/25b-300x209.jpg 300w, https:\/\/moonlightkiss.eu\/wp-content\/uploads\/2021\/08\/25b-768x535.jpg 768w, https:\/\/moonlightkiss.eu\/wp-content\/uploads\/2021\/08\/25b-1024x713.jpg 1024w, https:\/\/moonlightkiss.eu\/wp-content\/uploads\/2021\/08\/25b-431x300.jpg 431w\" sizes=\"(max-width: 1500px) 100vw, 1500px\" \/><\/div>\n<div dir=\"auto\" style=\"text-align: center;\">.<\/div>\n<div dir=\"auto\">Suzi &amp; Hyper &#8211; are siblings from Litter &#8222;H&#8221; -14 months old<\/div>\n<div dir=\"auto\">Suzi i Hyper to rodze\u0144stwo z Miotu &#8222;H&#8221; w wieku 14 miesi\u0119cy<\/div>\n<div dir=\"auto\" style=\"text-align: center;\">.<\/div>\n<\/div>\n<div dir=\"auto\">(parents \/ rodzice : JCH.PL,CH.PL Blesk Fortuni KEVIN x CH.PL KISS MOONLIGHT Laurettisza &#8222;Muna&#8221; )<\/div>\n<div dir=\"auto\" style=\"text-align: center;\">.<\/div>\n<div dir=\"auto\">\u00a0___________________________________________________________________________________<\/div>\n<div dir=\"auto\" style=\"text-align: right;\">.<\/div>\n<div dir=\"auto\"><\/div>\n<div dir=\"auto\"><strong><span style=\"color: #ff0000;\">6.06.2021 Litter &#8222;I&#8221; finish 7 months old \/ Miot &#8222;I&#8221; sko\u0144czy\u0142 7 miesi\u0119cy \ud83d\ude42<br \/>\n<\/span><\/strong><\/div>\n<div dir=\"auto\"><\/div>\n<div dir=\"auto\"><\/div>\n<div dir=\"auto\">from the left \/ od lewej :<\/div>\n<div dir=\"auto\"><strong>&#8211; INCREDIBLE TEQUILA Moonlight Kiss<\/strong><\/div>\n<div dir=\"auto\"><strong>&#8211; IDEFIX Moonlight Kiss<\/strong> &#8222;Afi&#8221;<\/div>\n<div dir=\"auto\"><strong>&#8211; INFINITY LUCKY STAR Moonlight Kiss<\/strong> &#8222;Lucky&#8221;<\/div>\n<div dir=\"auto\"><\/div>\n<div dir=\"auto\">.<\/div>\n<div dir=\"auto\">Thank you owner for this photos \/ Dzi\u0119kuj\u0119 w\u0142a\u015bcicielom za zdj\u0119cia \ud83d\ude42<\/div>\n<div dir=\"auto\"><img loading=\"lazy\" decoding=\"async\" class=\"alignnone size-full wp-image-655\" src=\"http:\/\/moonlightkiss.eu\/wp-content\/uploads\/2021\/08\/7-mie\u015b-miot-I.jpg\" alt=\"\" width=\"816\" height=\"374\" srcset=\"https:\/\/moonlightkiss.eu\/wp-content\/uploads\/2021\/08\/7-mie\u015b-miot-I.jpg 816w, https:\/\/moonlightkiss.eu\/wp-content\/uploads\/2021\/08\/7-mie\u015b-miot-I-300x138.jpg 300w, https:\/\/moonlightkiss.eu\/wp-content\/uploads\/2021\/08\/7-mie\u015b-miot-I-768x352.jpg 768w, https:\/\/moonlightkiss.eu\/wp-content\/uploads\/2021\/08\/7-mie\u015b-miot-I-500x229.jpg 500w\" sizes=\"(max-width: 816px) 100vw, 816px\" \/><\/div>\n<div dir=\"auto\">(parents\/rodzice : JCH.PL, CH.PL. VELVET CHARM Per\u0142owy Raj &#8222;Lalu\u015b&#8221; x Grand Alliance RAPSODIYA &#8222;Niki&#8221;)<\/div>\n<div dir=\"auto\"><\/div>\n","protected":false},"excerpt":{"rendered":"<p>____________________________________________________________________________________________ . 4.09.2021 National Dog Show Ba\u0142t\u00f3w o\/Radom \/ Krajowa Wystawa w Ba\u0142towie o\/Radom \u00a0. * &#8222;Suzi&#8221; HYPERSPACE Moonlight Kiss &#8211; place 1, excellent, Youth Winner, Junior BOB, and BEST OF BREED!!!!!!!\u00a0 * &#8222;Hyper&#8221; HYPERSONIC Moonlight Kiss &#8211; \u00a0place 2, &hellip; <a href=\"https:\/\/moonlightkiss.eu\/index.php\/2-2\/news-2021-nowosci-2021\/\">Czytaj dalej <span class=\"meta-nav\">&rarr;<\/span><\/a><\/p>\n","protected":false},"author":1,"featured_media":0,"parent":48,"menu_order":94,"comment_status":"closed","ping_status":"closed","template":"showcase.php","meta":{"footnotes":""},"_links":{"self":[{"href":"https:\/\/moonlightkiss.eu\/index.php\/wp-json\/wp\/v2\/pages\/647"}],"collection":[{"href":"https:\/\/moonlightkiss.eu\/index.php\/wp-json\/wp\/v2\/pages"}],"about":[{"href":"https:\/\/moonlightkiss.eu\/index.php\/wp-json\/wp\/v2\/types\/page"}],"author":[{"embeddable":true,"href":"https:\/\/moonlightkiss.eu\/index.php\/wp-json\/wp\/v2\/users\/1"}],"replies":[{"embeddable":true,"href":"https:\/\/moonlightkiss.eu\/index.php\/wp-json\/wp\/v2\/comments?post=647"}],"version-history":[{"count":17,"href":"https:\/\/moonlightkiss.eu\/index.php\/wp-json\/wp\/v2\/pages\/647\/revisions"}],"predecessor-version":[{"id":712,"href":"https:\/\/moonlightkiss.eu\/index.php\/wp-json\/wp\/v2\/pages\/647\/revisions\/712"}],"up":[{"embeddable":true,"href":"https:\/\/moonlightkiss.eu\/index.php\/wp-json\/wp\/v2\/pages\/48"}],"wp:attachment":[{"href":"https:\/\/moonlightkiss.eu\/index.php\/wp-json\/wp\/v2\/media?parent=647"}],"curies":[{"name":"wp","href":"https:\/\/api.w.org\/{rel}","templated":true}]}}