{"id":520,"date":"2020-02-09T19:38:11","date_gmt":"2020-02-09T18:38:11","guid":{"rendered":"http:\/\/moonlightkiss.eu\/?page_id=520"},"modified":"2020-12-13T13:02:22","modified_gmt":"2020-12-13T12:02:22","slug":"news-2020-nowosci-2020","status":"publish","type":"page","link":"https:\/\/moonlightkiss.eu\/index.php\/2-2\/news-2020-nowosci-2020\/","title":{"rendered":"NEWS 2020 \/ Nowo\u015bci 2020"},"content":{"rendered":"<div dir=\"auto\">\n<div class=\"kvgmc6g5 cxmmr5t8 oygrvhab hcukyx3x c1et5uql ii04i59q\">\n<div dir=\"auto\"><strong><span style=\"color: #ff0000;\">6.12.2020r born new Litter !! Litter &#8222;I&#8221; Moonlight Kiss FCI\u00a0<\/span><\/strong><br \/>\n<strong><span style=\"color: #ff0000;\">6.12.2020r. W naszej hodowli w Miko\u0142ajkowy wiecz\u00f3r urodzi\u0142 sie nowy Miot papillonk\u00f3w &#8211; Miot &#8222;I&#8221;<\/span><\/strong><\/div>\n<div dir=\"auto\"><\/div>\n<\/div>\n<div class=\"o9v6fnle cxmmr5t8 oygrvhab hcukyx3x c1et5uql ii04i59q\">\n<div dir=\"auto\" style=\"text-align: center;\">Father \/ tata :<br \/>\n<strong>J.CH VELVET CHARM Per\u0142owy Raj &#8222;Lalu\u015b&#8221;<\/strong><br \/>\n( INT.CH, Multi CH. Ponda&#8217;s Haribo Zi Cogaion x JCH.PL Ice Queen of Per\u0142owy Raj)<\/div>\n<\/div>\n<div class=\"o9v6fnle cxmmr5t8 oygrvhab hcukyx3x c1et5uql ii04i59q\">\n<div dir=\"auto\" style=\"text-align: center;\">Mother \/ mama :<br \/>\n<strong>Grand Alliance RAPSODIYA &#8222;Niki&#8221;<\/strong><br \/>\n( Multi CH. Grand Alliance LEVASSER x Grand Alliance ISTINNAYA LEDI)<\/div>\n<div dir=\"auto\">.<\/div>\n<div dir=\"auto\">more informations \/ wi\u0119cej informacji : <a href=\"http:\/\/moonlightkiss.eu\/index.php\/litter\/litter-i-miot-i-2020\/\">CLICK HERE \/ KLIKNIJ TU\u00a0<\/a><\/div>\n<div dir=\"auto\">.<\/div>\n<div dir=\"auto\"><\/div>\n<div dir=\"auto\"><img loading=\"lazy\" decoding=\"async\" class=\"size-full wp-image-617 aligncenter\" src=\"http:\/\/moonlightkiss.eu\/wp-content\/uploads\/2020\/12\/Miot-I-nnnmmmbbbbmmm.jpg\" alt=\"\" width=\"1780\" height=\"1580\" srcset=\"https:\/\/moonlightkiss.eu\/wp-content\/uploads\/2020\/12\/Miot-I-nnnmmmbbbbmmm.jpg 1780w, https:\/\/moonlightkiss.eu\/wp-content\/uploads\/2020\/12\/Miot-I-nnnmmmbbbbmmm-300x266.jpg 300w, https:\/\/moonlightkiss.eu\/wp-content\/uploads\/2020\/12\/Miot-I-nnnmmmbbbbmmm-768x682.jpg 768w, https:\/\/moonlightkiss.eu\/wp-content\/uploads\/2020\/12\/Miot-I-nnnmmmbbbbmmm-1024x909.jpg 1024w, https:\/\/moonlightkiss.eu\/wp-content\/uploads\/2020\/12\/Miot-I-nnnmmmbbbbmmm-338x300.jpg 338w\" sizes=\"(max-width: 1780px) 100vw, 1780px\" \/><\/div>\n<\/div>\n<\/div>\n<div dir=\"auto\">________________________________________________________________________________________<\/div>\n<div dir=\"auto\"><\/div>\n<div dir=\"auto\"><span style=\"color: #ff0000;\"><strong>10.10.2020 HYPERSPACE Moonlight Kiss &#8222;Suzi&#8221; finish 4 months old \ud83d\ude42<\/strong><\/span><br \/>\n<span style=\"color: #ff0000;\"><strong>Suzi uko\u0144czy\u0142a 4 miesi\u0105ce \ud83d\ude42<\/strong><\/span><\/div>\n<div dir=\"auto\"><\/div>\n<div dir=\"auto\"><img loading=\"lazy\" decoding=\"async\" class=\"size-full wp-image-605 aligncenter\" src=\"http:\/\/moonlightkiss.eu\/wp-content\/uploads\/2020\/10\/c.jpg\" alt=\"\" width=\"1582\" height=\"996\" srcset=\"https:\/\/moonlightkiss.eu\/wp-content\/uploads\/2020\/10\/c.jpg 1582w, https:\/\/moonlightkiss.eu\/wp-content\/uploads\/2020\/10\/c-300x189.jpg 300w, https:\/\/moonlightkiss.eu\/wp-content\/uploads\/2020\/10\/c-768x484.jpg 768w, https:\/\/moonlightkiss.eu\/wp-content\/uploads\/2020\/10\/c-1024x645.jpg 1024w, https:\/\/moonlightkiss.eu\/wp-content\/uploads\/2020\/10\/c-477x300.jpg 477w\" sizes=\"(max-width: 1582px) 100vw, 1582px\" \/><\/div>\n<div dir=\"auto\">________________________________________________________________________________________________<\/div>\n<div dir=\"auto\"><\/div>\n<div dir=\"auto\">\n<div class=\"kvgmc6g5 cxmmr5t8 oygrvhab hcukyx3x c1et5uql ii04i59q\">\n<div dir=\"auto\"><span style=\"color: #ff0000;\"><strong>26.09.2020 International Dog Show CACIB LESZNO\u00a0<\/strong><\/span><\/div>\n<div dir=\"auto\"><strong>Grand Alliance RAPSODIYA &#8222;Niki&#8221;<\/strong><\/div>\n<div dir=\"auto\"><em>*excellent, place II<\/em><\/div>\n<div dir=\"auto\"><\/div>\n<div dir=\"auto\">Niki has completed her breeding qualifications!<\/div>\n<\/div>\n<div class=\"o9v6fnle cxmmr5t8 oygrvhab hcukyx3x c1et5uql ii04i59q\">\n<div dir=\"auto\"><\/div>\n<div dir=\"auto\">___________<\/div>\n<\/div>\n<div class=\"o9v6fnle cxmmr5t8 oygrvhab hcukyx3x c1et5uql ii04i59q\">\n<div dir=\"auto\">26.09.2020 Mi\u0119dzynarodowa Wystawa LESZNO<\/div>\n<div dir=\"auto\"><strong>Grand Alliance RAPSODIYA &#8222;Niki&#8221;<\/strong><\/div>\n<div dir=\"auto\"><em>*ocena doskona\u0142a, lokata II<\/em><\/div>\n<\/div>\n<\/div>\n<div dir=\"auto\"><\/div>\n<div dir=\"auto\">Niki uzyska\u0142a uprawnienia hodowlane !<\/div>\n<div dir=\"auto\" style=\"text-align: left;\">______________________________________________________________________________________________<\/div>\n<div dir=\"auto\"><\/div>\n<div dir=\"auto\"><\/div>\n<div dir=\"auto\"><\/div>\n<div dir=\"auto\"><\/div>\n<div class=\"kvgmc6g5 cxmmr5t8 oygrvhab hcukyx3x c1et5uql ii04i59q\">\n<div dir=\"auto\"><span style=\"color: #ff0000;\"><strong>19-20.09.2020 2xCAC Wawrzkowizna \/ \u0141\u00f3d\u017a<\/strong><\/span><\/div>\n<div dir=\"auto\"><\/div>\n<div dir=\"auto\"><strong>Grand Alliance RAPSODIYA &#8222;Niki&#8221; start POLISH CHAMPION\u00a0<\/strong><\/div>\n<div dir=\"auto\"><em>* place II \/ III<\/em><\/div>\n<div dir=\"auto\"><em>* place I, CAC<\/em><\/div>\n<div dir=\"auto\"><\/div>\n<\/div>\n<div class=\"o9v6fnle cxmmr5t8 oygrvhab hcukyx3x c1et5uql ii04i59q\">\n<div dir=\"auto\">\n<div class=\"nc684nl6\">Iza Gol &#8211; Thank you for the nice time, transport, photos and&#8230; unforgettable experience \ud83d\ude42<\/div>\n<\/div>\n<div dir=\"auto\">_______<\/div>\n<\/div>\n<div class=\"o9v6fnle cxmmr5t8 oygrvhab hcukyx3x c1et5uql ii04i59q\">\n<div dir=\"auto\"><span style=\"color: #ff0000;\"><strong>19-20.09.2020 2xCAC Wawrzkowizna Oddzia\u0142 \u0141\u00f3d\u017a<\/strong><\/span><\/div>\n<div dir=\"auto\"><strong>Grand Alliance RAPSODIYA &#8222;Niki&#8221;<\/strong> <strong>rozpocz\u0119\u0142a CHAMPIONAT POLSKI\u00a0<\/strong><\/div>\n<div dir=\"auto\"><em>* miejsce II\/III<\/em><\/div>\n<div dir=\"auto\"><em>* miejsce I, CWC<\/em><\/div>\n<div dir=\"auto\"><\/div>\n<\/div>\n<div class=\"o9v6fnle cxmmr5t8 oygrvhab hcukyx3x c1et5uql ii04i59q\">\n<div dir=\"auto\">Iza Gol &#8211; dzi\u0119kuj\u0119 za mi\u0142o sp\u0119dzony czas, transport, zdj\u0119cia i NIEZAPOMNIANE PRZE\u017bYCIA \ud83d\ude42<\/div>\n<div dir=\"auto\"><img loading=\"lazy\" decoding=\"async\" class=\"size-full wp-image-600 aligncenter\" src=\"http:\/\/moonlightkiss.eu\/wp-content\/uploads\/2020\/10\/naj.jpg\" alt=\"\" width=\"1920\" height=\"1920\" srcset=\"https:\/\/moonlightkiss.eu\/wp-content\/uploads\/2020\/10\/naj.jpg 1920w, https:\/\/moonlightkiss.eu\/wp-content\/uploads\/2020\/10\/naj-150x150.jpg 150w, https:\/\/moonlightkiss.eu\/wp-content\/uploads\/2020\/10\/naj-300x300.jpg 300w, https:\/\/moonlightkiss.eu\/wp-content\/uploads\/2020\/10\/naj-768x768.jpg 768w, https:\/\/moonlightkiss.eu\/wp-content\/uploads\/2020\/10\/naj-1024x1024.jpg 1024w\" sizes=\"(max-width: 1920px) 100vw, 1920px\" \/><\/div>\n<div dir=\"auto\" style=\"text-align: left;\">_____________________________________________________________________________________________<\/div>\n<div dir=\"auto\"><\/div>\n<\/div>\n<p><span style=\"color: #ff0000;\"><strong>10.06.2020 born Ltter &#8222;H&#8221; Moonlight Kiss \/ Narodziny Miotu &#8222;H&#8221; Moonlight Kiss<\/strong><\/span><\/p>\n<p>NEW LITTER !!! They are \u00a0!!!<br \/>\nI am proud to present Litter &#8222;H&#8221; Moonlight Kiss FCI<br \/>\n10.06.2020r born: 2 females and 1 male !<\/p>\n<p>more informations :\u00a0 <a href=\"http:\/\/moonlightkiss.eu\/wp-admin\/post.php?post=562&amp;action=edit\">CLICK HERE<\/a><\/p>\n<p>___________________<\/p>\n<div class=\"text_exposed_show\">\n<p>Nareszcie s\u0105 !! \u00a0Nowy miot !!!<br \/>\nZ dum\u0105 przedstawiam Miot &#8222;H&#8221; z mojej hodowli Moonlight Kiss FCI<br \/>\n10.06.2020r urodzi\u0142y si\u0119 2 dziewczynki i 1 ch\u0142opak<\/p>\n<p>wi\u0119cej informacji : <a href=\"http:\/\/moonlightkiss.eu\/wp-admin\/post.php?post=562&amp;action=edit\">KLIKNIJ TUTAJ<\/a><\/p>\n<\/div>\n<p><img loading=\"lazy\" decoding=\"async\" class=\"alignnone size-full wp-image-560\" src=\"http:\/\/moonlightkiss.eu\/wp-content\/uploads\/2020\/06\/0-NAJLEPSZE-GOTOWEEEEEEEEEE.jpg\" alt=\"\" width=\"835\" height=\"1052\" srcset=\"https:\/\/moonlightkiss.eu\/wp-content\/uploads\/2020\/06\/0-NAJLEPSZE-GOTOWEEEEEEEEEE.jpg 835w, https:\/\/moonlightkiss.eu\/wp-content\/uploads\/2020\/06\/0-NAJLEPSZE-GOTOWEEEEEEEEEE-238x300.jpg 238w, https:\/\/moonlightkiss.eu\/wp-content\/uploads\/2020\/06\/0-NAJLEPSZE-GOTOWEEEEEEEEEE-768x968.jpg 768w, https:\/\/moonlightkiss.eu\/wp-content\/uploads\/2020\/06\/0-NAJLEPSZE-GOTOWEEEEEEEEEE-813x1024.jpg 813w\" sizes=\"(max-width: 835px) 100vw, 835px\" \/><\/p>\n<p style=\"text-align: center;\">___________________________________________________________________________________________<\/p>\n<p><span style=\"color: #ff0000;\"><strong>12-13.04.2020 Happy Easter to all !! \u017bycz\u0119 wszystkim Weso\u0142ych \u015awiat! Oby by\u0142y zdrowe i mimo obecnej sytuacji radosne !!\u00a0<\/strong><\/span><\/p>\n<p><img loading=\"lazy\" decoding=\"async\" class=\"size-full wp-image-557 aligncenter\" src=\"http:\/\/moonlightkiss.eu\/wp-content\/uploads\/2020\/04\/wielkanoc-2020-PODPISANA.jpg\" alt=\"\" width=\"1000\" height=\"715\" srcset=\"https:\/\/moonlightkiss.eu\/wp-content\/uploads\/2020\/04\/wielkanoc-2020-PODPISANA.jpg 1000w, https:\/\/moonlightkiss.eu\/wp-content\/uploads\/2020\/04\/wielkanoc-2020-PODPISANA-300x215.jpg 300w, https:\/\/moonlightkiss.eu\/wp-content\/uploads\/2020\/04\/wielkanoc-2020-PODPISANA-768x549.jpg 768w, https:\/\/moonlightkiss.eu\/wp-content\/uploads\/2020\/04\/wielkanoc-2020-PODPISANA-420x300.jpg 420w\" sizes=\"(max-width: 1000px) 100vw, 1000px\" \/><\/p>\n<p style=\"text-align: center;\">__________________________________________________________________________________________<\/p>\n<p style=\"text-align: left;\"><strong>\u00a0<span style=\"color: #ff0000;\">19.01.2020 International Dog Show Slovenia. Mi\u0119dzynarodowa Wystawa Ps\u00f3w S\u0142ovenia<\/span><\/strong><\/p>\n<div class=\"details\">\n<ul>\n<li class=\"filename\"><strong><em>ROBBER Laurettisza &#8222;Stitch&#8221;<\/em> <\/strong>\/Champion Calss\/- 1, excellent, CAC, CACIB, BEST OF BREED !!!! and <em><strong>SLOVENIAN CHAMPION<\/strong><\/em> !!!!!<\/li>\n<\/ul>\n<div><\/div>\n<div class=\"filename\">Big Congratulations : Owner\/handler : Elena-Armani !!<\/div>\n<\/div>\n<p><img loading=\"lazy\" decoding=\"async\" class=\"size-full wp-image-521 aligncenter\" src=\"http:\/\/moonlightkiss.eu\/wp-content\/uploads\/2020\/02\/Stitch-\u201cRobber-Laurettisza\u201d-the-Papillon-from-Champion-Calss-Cac-Cacib-Bob-and-SLOVENIAN-CHAMPION-also-Owner-handler-Elena-Armani.jpg\" alt=\"\" width=\"720\" height=\"960\" srcset=\"https:\/\/moonlightkiss.eu\/wp-content\/uploads\/2020\/02\/Stitch-\u201cRobber-Laurettisza\u201d-the-Papillon-from-Champion-Calss-Cac-Cacib-Bob-and-SLOVENIAN-CHAMPION-also-Owner-handler-Elena-Armani.jpg 720w, https:\/\/moonlightkiss.eu\/wp-content\/uploads\/2020\/02\/Stitch-\u201cRobber-Laurettisza\u201d-the-Papillon-from-Champion-Calss-Cac-Cacib-Bob-and-SLOVENIAN-CHAMPION-also-Owner-handler-Elena-Armani-225x300.jpg 225w\" sizes=\"(max-width: 720px) 100vw, 720px\" \/><\/p>\n<p style=\"text-align: center;\">__________________________________________________________________________________________<\/p>\n<p><span style=\"color: #ff0000;\"><strong>7.01.2020\u00a0 Niki 1&#8217;st BIRTHDAY !!! Niki sko\u0144czy\u0142a rok !! \ud83d\ude42<\/strong><\/span><\/p>\n<p style=\"text-align: center;\"><strong>Grand Alliance RAPSODIYA &#8222;Niki&#8221;<\/strong><\/p>\n<p><img loading=\"lazy\" decoding=\"async\" class=\"alignnone size-full wp-image-524\" src=\"http:\/\/moonlightkiss.eu\/wp-content\/uploads\/2020\/02\/zzz.jpg\" alt=\"\" width=\"1788\" height=\"1532\" srcset=\"https:\/\/moonlightkiss.eu\/wp-content\/uploads\/2020\/02\/zzz.jpg 1788w, https:\/\/moonlightkiss.eu\/wp-content\/uploads\/2020\/02\/zzz-300x257.jpg 300w, https:\/\/moonlightkiss.eu\/wp-content\/uploads\/2020\/02\/zzz-768x658.jpg 768w, https:\/\/moonlightkiss.eu\/wp-content\/uploads\/2020\/02\/zzz-1024x877.jpg 1024w, https:\/\/moonlightkiss.eu\/wp-content\/uploads\/2020\/02\/zzz-350x300.jpg 350w\" sizes=\"(max-width: 1788px) 100vw, 1788px\" \/><\/p>\n<p style=\"text-align: center;\">________________________________________________________________________________________<\/p>\n<p><span style=\"color: #ff0000;\"><strong>1.01.2020 HAPPY NEW YEAR !!!!!!! SZCZ\u0118\u015aLIWEGO NOWEGO ROKU 2020 !!!!!!<\/strong><\/span><\/p>\n<p><img loading=\"lazy\" decoding=\"async\" class=\"size-full wp-image-526 aligncenter\" src=\"http:\/\/moonlightkiss.eu\/wp-content\/uploads\/2020\/02\/bbb.jpg\" alt=\"\" width=\"700\" height=\"468\" srcset=\"https:\/\/moonlightkiss.eu\/wp-content\/uploads\/2020\/02\/bbb.jpg 700w, https:\/\/moonlightkiss.eu\/wp-content\/uploads\/2020\/02\/bbb-300x201.jpg 300w, https:\/\/moonlightkiss.eu\/wp-content\/uploads\/2020\/02\/bbb-449x300.jpg 449w\" sizes=\"(max-width: 700px) 100vw, 700px\" \/><\/p>\n<p style=\"text-align: center;\"><strong>__________________________________________________________________________________________<\/strong><\/p>\n<p><span style=\"color: #ff0000;\"><strong>24.12.2019 Merry Christmas !!! \u017byczymy wszystkim Weso\u0142ych \u015awi\u0105t!! \ud83d\ude42\u00a0<\/strong><\/span><\/p>\n<p><img loading=\"lazy\" decoding=\"async\" class=\"size-full wp-image-511 aligncenter\" src=\"http:\/\/moonlightkiss.eu\/wp-content\/uploads\/2019\/12\/Ramka-\u015bwi\u0105teczna-2019-3-ma\u0142a.jpg\" alt=\"\" width=\"999\" height=\"666\" srcset=\"https:\/\/moonlightkiss.eu\/wp-content\/uploads\/2019\/12\/Ramka-\u015bwi\u0105teczna-2019-3-ma\u0142a.jpg 999w, https:\/\/moonlightkiss.eu\/wp-content\/uploads\/2019\/12\/Ramka-\u015bwi\u0105teczna-2019-3-ma\u0142a-300x200.jpg 300w, https:\/\/moonlightkiss.eu\/wp-content\/uploads\/2019\/12\/Ramka-\u015bwi\u0105teczna-2019-3-ma\u0142a-768x512.jpg 768w, https:\/\/moonlightkiss.eu\/wp-content\/uploads\/2019\/12\/Ramka-\u015bwi\u0105teczna-2019-3-ma\u0142a-450x300.jpg 450w\" sizes=\"(max-width: 999px) 100vw, 999px\" \/><\/p>\n<p>&nbsp;<\/p>\n","protected":false},"excerpt":{"rendered":"<p>6.12.2020r born new Litter !! Litter &#8222;I&#8221; Moonlight Kiss FCI\u00a0 6.12.2020r. W naszej hodowli w Miko\u0142ajkowy wiecz\u00f3r urodzi\u0142 sie nowy Miot papillonk\u00f3w &#8211; Miot &#8222;I&#8221; Father \/ tata : J.CH VELVET CHARM Per\u0142owy Raj &#8222;Lalu\u015b&#8221; ( INT.CH, Multi CH. Ponda&#8217;s &hellip; <a href=\"https:\/\/moonlightkiss.eu\/index.php\/2-2\/news-2020-nowosci-2020\/\">Czytaj dalej <span class=\"meta-nav\">&rarr;<\/span><\/a><\/p>\n","protected":false},"author":1,"featured_media":0,"parent":48,"menu_order":95,"comment_status":"closed","ping_status":"closed","template":"showcase.php","meta":{"footnotes":""},"_links":{"self":[{"href":"https:\/\/moonlightkiss.eu\/index.php\/wp-json\/wp\/v2\/pages\/520"}],"collection":[{"href":"https:\/\/moonlightkiss.eu\/index.php\/wp-json\/wp\/v2\/pages"}],"about":[{"href":"https:\/\/moonlightkiss.eu\/index.php\/wp-json\/wp\/v2\/types\/page"}],"author":[{"embeddable":true,"href":"https:\/\/moonlightkiss.eu\/index.php\/wp-json\/wp\/v2\/users\/1"}],"replies":[{"embeddable":true,"href":"https:\/\/moonlightkiss.eu\/index.php\/wp-json\/wp\/v2\/comments?post=520"}],"version-history":[{"count":16,"href":"https:\/\/moonlightkiss.eu\/index.php\/wp-json\/wp\/v2\/pages\/520\/revisions"}],"predecessor-version":[{"id":633,"href":"https:\/\/moonlightkiss.eu\/index.php\/wp-json\/wp\/v2\/pages\/520\/revisions\/633"}],"up":[{"embeddable":true,"href":"https:\/\/moonlightkiss.eu\/index.php\/wp-json\/wp\/v2\/pages\/48"}],"wp:attachment":[{"href":"https:\/\/moonlightkiss.eu\/index.php\/wp-json\/wp\/v2\/media?parent=520"}],"curies":[{"name":"wp","href":"https:\/\/api.w.org\/{rel}","templated":true}]}}