{"id":487,"date":"2019-11-06T20:22:28","date_gmt":"2019-11-06T19:22:28","guid":{"rendered":"http:\/\/moonlightkiss.eu\/?page_id=487"},"modified":"2020-10-22T09:40:11","modified_gmt":"2020-10-22T07:40:11","slug":"news-2019-nowosci-2019","status":"publish","type":"page","link":"https:\/\/moonlightkiss.eu\/index.php\/2-2\/news-2019-nowosci-2019\/","title":{"rendered":"NEWS 2019 \/ Nowo\u015bci 2019"},"content":{"rendered":"<p><span style=\"color: #ff0000;\"><strong>24.12.2019 Merry Christmas !!! \u017byczymy wszystkim Weso\u0142ych \u015awi\u0105t!! \ud83d\ude42\u00a0<\/strong><\/span><\/p>\n<p><img loading=\"lazy\" decoding=\"async\" class=\"size-full wp-image-511 aligncenter\" src=\"http:\/\/moonlightkiss.eu\/wp-content\/uploads\/2019\/12\/Ramka-\u015bwi\u0105teczna-2019-3-ma\u0142a.jpg\" alt=\"\" width=\"999\" height=\"666\" srcset=\"https:\/\/moonlightkiss.eu\/wp-content\/uploads\/2019\/12\/Ramka-\u015bwi\u0105teczna-2019-3-ma\u0142a.jpg 999w, https:\/\/moonlightkiss.eu\/wp-content\/uploads\/2019\/12\/Ramka-\u015bwi\u0105teczna-2019-3-ma\u0142a-300x200.jpg 300w, https:\/\/moonlightkiss.eu\/wp-content\/uploads\/2019\/12\/Ramka-\u015bwi\u0105teczna-2019-3-ma\u0142a-768x512.jpg 768w, https:\/\/moonlightkiss.eu\/wp-content\/uploads\/2019\/12\/Ramka-\u015bwi\u0105teczna-2019-3-ma\u0142a-450x300.jpg 450w\" sizes=\"(max-width: 999px) 100vw, 999px\" \/><\/p>\n<p style=\"text-align: center;\"><strong>___________________________________________________________________________________________________<\/strong><\/p>\n<p><span style=\"color: #ff0000;\"><strong>26.10.2019r. NDS Pruszk\u00f3w<\/strong><\/span><\/p>\n<p><strong>Grand Alliance RAPSODIYA &#8222;Niki&#8221;<br \/>\n<\/strong>* place II \/ III, excellent <span class=\"_47e3 _5mfr\" title=\"Emotikon heart\"><span class=\"_7oe\" aria-hidden=\"true\">&lt;3<\/span><\/span><br \/>\nShe have only 9.5 months old &#8211; first time in Junor Class <span class=\"_47e3 _5mfr\" title=\"Emotikon smile\"><span class=\"_7oe\" aria-hidden=\"true\">\ud83d\ude42<\/span><\/span><br \/>\n________________<\/p>\n<p><span class=\"text_exposed_show\"><br \/>\n<strong><span style=\"color: #ff0000;\">26.10.2019 Krajowa Wystawa Ps\u00f3w Pruszk\u00f3w<\/span><\/strong><\/span><\/p>\n<p><span class=\"text_exposed_show\"><br \/>\n<strong>Grand Alliance RAPSODIYA &#8222;Niki&#8221;<br \/>\n<\/strong><\/span><span class=\"text_exposed_show\">* miejsce II \/ III, ocena doskona\u0142a <span class=\"_47e3 _5mfr\" title=\"Emotikon heart\"><span class=\"_7oe\" aria-hidden=\"true\">&lt;3<\/span><\/span><\/span><\/p>\n<p><span class=\"text_exposed_show\"><br \/>\nNiki by\u0142a pierwszy raz w klasie M\u0142odzie\u017cy, ma dopiero 9,5 miesi\u0105ca <span class=\"_47e3 _5mfr\" title=\"Emotikon smile\"><span class=\"_7oe\" aria-hidden=\"true\">\ud83d\ude42<\/span><\/span><\/span><\/p>\n<p><img loading=\"lazy\" decoding=\"async\" class=\"size-full wp-image-495 aligncenter\" src=\"http:\/\/moonlightkiss.eu\/wp-content\/uploads\/2019\/11\/ggg.jpg\" alt=\"\" width=\"999\" height=\"1084\" srcset=\"https:\/\/moonlightkiss.eu\/wp-content\/uploads\/2019\/11\/ggg.jpg 999w, https:\/\/moonlightkiss.eu\/wp-content\/uploads\/2019\/11\/ggg-276x300.jpg 276w, https:\/\/moonlightkiss.eu\/wp-content\/uploads\/2019\/11\/ggg-768x833.jpg 768w, https:\/\/moonlightkiss.eu\/wp-content\/uploads\/2019\/11\/ggg-944x1024.jpg 944w\" sizes=\"(max-width: 999px) 100vw, 999px\" \/><\/p>\n<p>&nbsp;<\/p>\n<p style=\"text-align: center;\"><strong>_____________________________________________________________________________________________<\/strong><\/p>\n<p><span style=\"color: #ff0000;\"><strong>15.09.2019 NDS Stara Mi\u0142osna<\/strong><\/span> \/ first exhibition of <strong>Grand Alliance RAPSODIYA &#8222;Niki&#8221;<\/strong> <span class=\"_47e3 _5mfr\" title=\"Emotikon smile\"><span class=\"_7oe\" aria-hidden=\"true\">\ud83d\ude42<\/span><\/span>\u00a0\/puppy class\/<br \/>\n*place II \/ III, Very Promising <span class=\"_47e3 _5mfr\" title=\"Emotikon smile\"><span class=\"_7oe\" aria-hidden=\"true\">\ud83d\ude42<\/span><\/span><br \/>\njudge: Stefan Sinko<br \/>\n_____<br \/>\n<span class=\"text_exposed_show\"><br \/>\n<strong><span style=\"color: #ff0000;\">15.09.2019 Krajowa Wystawa Ps\u00f3w, Stara Mi\u0142osna<\/span><\/strong> \/pierwsza wystawa <strong>Grand Alliance RAPSODIYA &#8222;Niki&#8221;<\/strong> :<span class=\"_47e3 _5mfr\" title=\"Emotikon smile\"><span class=\"_7oe\" aria-hidden=\"true\">)<\/span><\/span>\u00a0\/klasa szczeni\u0105t\/<br \/>\n* miejsce II\/III, Very Promising <span class=\"_47e3 _5mfr\" title=\"Emotikon smile\"><span class=\"_7oe\" aria-hidden=\"true\">\ud83d\ude42<\/span><\/span><br \/>\ns\u0119dzia : Stefan Sinko<\/span><\/p>\n<p><img loading=\"lazy\" decoding=\"async\" class=\"size-full wp-image-494 aligncenter\" src=\"http:\/\/moonlightkiss.eu\/wp-content\/uploads\/2019\/11\/bh.jpg\" alt=\"\" width=\"1202\" height=\"864\" srcset=\"https:\/\/moonlightkiss.eu\/wp-content\/uploads\/2019\/11\/bh.jpg 1202w, https:\/\/moonlightkiss.eu\/wp-content\/uploads\/2019\/11\/bh-300x216.jpg 300w, https:\/\/moonlightkiss.eu\/wp-content\/uploads\/2019\/11\/bh-768x552.jpg 768w, https:\/\/moonlightkiss.eu\/wp-content\/uploads\/2019\/11\/bh-1024x736.jpg 1024w, https:\/\/moonlightkiss.eu\/wp-content\/uploads\/2019\/11\/bh-417x300.jpg 417w\" sizes=\"(max-width: 1202px) 100vw, 1202px\" \/><\/p>\n<p>&nbsp;<\/p>\n<p style=\"text-align: center;\"><strong>____________________________________________________________________________________________<\/strong><\/p>\n<p><span style=\"color: #ff0000;\"><strong>25.08.2019r Family meeting with Litter &#8222;G&#8221;\/ Rodzinny spacer z Miotem &#8222;G&#8221; \ud83d\ude42<\/strong><\/span><\/p>\n<p><img loading=\"lazy\" decoding=\"async\" class=\"size-full wp-image-498 aligncenter\" src=\"http:\/\/moonlightkiss.eu\/wp-content\/uploads\/2019\/11\/hh.jpg\" alt=\"\" width=\"1500\" height=\"1000\" srcset=\"https:\/\/moonlightkiss.eu\/wp-content\/uploads\/2019\/11\/hh.jpg 1500w, https:\/\/moonlightkiss.eu\/wp-content\/uploads\/2019\/11\/hh-300x200.jpg 300w, https:\/\/moonlightkiss.eu\/wp-content\/uploads\/2019\/11\/hh-768x512.jpg 768w, https:\/\/moonlightkiss.eu\/wp-content\/uploads\/2019\/11\/hh-1024x683.jpg 1024w, https:\/\/moonlightkiss.eu\/wp-content\/uploads\/2019\/11\/hh-450x300.jpg 450w\" sizes=\"(max-width: 1500px) 100vw, 1500px\" \/><\/p>\n<p style=\"text-align: center;\"><strong>__________________________________________________________________________________________________<\/strong><\/p>\n<p><span style=\"color: #ff0000;\"><strong>19.08.2019r Me &amp; Niki &amp; Muna \/ Ja, Niki i Muna .<\/strong><\/span><\/p>\n<p><img loading=\"lazy\" decoding=\"async\" class=\"size-full wp-image-500 aligncenter\" src=\"http:\/\/moonlightkiss.eu\/wp-content\/uploads\/2019\/11\/m.jpg\" alt=\"\" width=\"999\" height=\"999\" srcset=\"https:\/\/moonlightkiss.eu\/wp-content\/uploads\/2019\/11\/m.jpg 999w, https:\/\/moonlightkiss.eu\/wp-content\/uploads\/2019\/11\/m-150x150.jpg 150w, https:\/\/moonlightkiss.eu\/wp-content\/uploads\/2019\/11\/m-300x300.jpg 300w, https:\/\/moonlightkiss.eu\/wp-content\/uploads\/2019\/11\/m-768x768.jpg 768w\" sizes=\"(max-width: 999px) 100vw, 999px\" \/><\/p>\n<p style=\"text-align: center;\"><strong>__________________________________________________________________________________________________<\/strong><\/p>\n<p><span style=\"color: #ff0000;\"><strong>25.07.2019r Family meeting \/ Rodzinne spotkanie \ud83d\ude42<\/strong><\/span><\/p>\n<p><img loading=\"lazy\" decoding=\"async\" class=\"size-full wp-image-492 aligncenter\" src=\"http:\/\/moonlightkiss.eu\/wp-content\/uploads\/2019\/11\/c.jpg\" alt=\"\" width=\"700\" height=\"691\" srcset=\"https:\/\/moonlightkiss.eu\/wp-content\/uploads\/2019\/11\/c.jpg 700w, https:\/\/moonlightkiss.eu\/wp-content\/uploads\/2019\/11\/c-300x296.jpg 300w, https:\/\/moonlightkiss.eu\/wp-content\/uploads\/2019\/11\/c-304x300.jpg 304w\" sizes=\"(max-width: 700px) 100vw, 700px\" \/><\/p>\n<p style=\"text-align: center;\"><strong>________________________________________________________________________________________<\/strong><\/p>\n<p><span style=\"color: #ff0000;\"><strong>19.06.2019 We have a new member in our familly \/ Mamy nowego cz\u0142onka rodziny \ud83d\ude42<\/strong><\/span><\/p>\n<p>I present a new star of our kennel , female :<\/p>\n<p><strong>Grand Alliance RHAPSODY<\/strong> <span class=\"_47e3 _5mfr\" title=\"Emotikon heart\"><span class=\"_7oe\" aria-hidden=\"true\">&lt;3<\/span><\/span>\u00a0(5 months old)<\/p>\n<p>(JCH.BLR, JCH RUS, CLUB CH, CH RUS, GRAND JCH RUS, GRAND CH.RUS, CH RKF Grand Alliance LEVASSER x Grand Alliance ISTNAYA LADY)<\/p>\n<p>Thank you very much for her, breeder :\u00a0Tatyana Toskueva<\/p>\n<p>And thank very much\u00a0Igor Chski\u00a0&#8211; for safe transport ~ 1800km !!!!!<\/p>\n<p>________<\/p>\n<p>Mi\u0142o mi przedstawi\u0107 moja now\u0105 gwiazd\u0119, suczk\u0119 o imieniu :<\/p>\n<p><span class=\"text_exposed_show\"><br \/>\n<strong>Grand Alliance RHAPSODY<\/strong> <span class=\"_47e3 _5mfr\" title=\"Emotikon heart\"><span class=\"_7oe\" aria-hidden=\"true\">&lt;3<\/span><\/span><\/span><\/p>\n<p>po rodzicach : JCH.BLR, JCH RUS, CLUB CH, CH RUS, GRAND JCH RUS, GRAND CH.RUS, CH RKF Grand Alliance LEVASSER x Grand Alliance ISTNAYA LADY<\/p>\n<p>Bardzo dzi\u0119kuj\u0119 hodowcy: Tatyana Toskueva <span class=\"_47e3 _5mfr\" title=\"Emotikon smile\"><span class=\"_7oe\" aria-hidden=\"true\">\ud83d\ude42<\/span><\/span><\/p>\n<p>oraz dzi\u0119kuje za bezpieczny transport ma\u0142ej przez ponad 1800km &#8211; Igor Chski !!!<\/p>\n<p><img loading=\"lazy\" decoding=\"async\" class=\"size-full wp-image-493 aligncenter\" src=\"http:\/\/moonlightkiss.eu\/wp-content\/uploads\/2019\/11\/b.jpg\" alt=\"\" width=\"999\" height=\"666\" srcset=\"https:\/\/moonlightkiss.eu\/wp-content\/uploads\/2019\/11\/b.jpg 999w, https:\/\/moonlightkiss.eu\/wp-content\/uploads\/2019\/11\/b-300x200.jpg 300w, https:\/\/moonlightkiss.eu\/wp-content\/uploads\/2019\/11\/b-768x512.jpg 768w, https:\/\/moonlightkiss.eu\/wp-content\/uploads\/2019\/11\/b-450x300.jpg 450w\" sizes=\"(max-width: 999px) 100vw, 999px\" \/><\/p>\n<p>&nbsp;<\/p>\n<p style=\"text-align: center;\"><strong>__________________________________________________________________________________________<\/strong><\/p>\n<p><span style=\"color: #ff0000;\"><strong>1.01.2019r. HAPPY NEW YEAR !!!! Szcz\u0119\u015bliwego Nowego Roku 2019 !!!<\/strong><\/span><\/p>\n<p><img loading=\"lazy\" decoding=\"async\" class=\"size-full wp-image-489 aligncenter\" src=\"http:\/\/moonlightkiss.eu\/wp-content\/uploads\/2019\/11\/49203277_2559068777453154_7193806290764693504_o.jpg\" alt=\"\" width=\"1000\" height=\"756\" srcset=\"https:\/\/moonlightkiss.eu\/wp-content\/uploads\/2019\/11\/49203277_2559068777453154_7193806290764693504_o.jpg 1000w, https:\/\/moonlightkiss.eu\/wp-content\/uploads\/2019\/11\/49203277_2559068777453154_7193806290764693504_o-300x227.jpg 300w, https:\/\/moonlightkiss.eu\/wp-content\/uploads\/2019\/11\/49203277_2559068777453154_7193806290764693504_o-768x581.jpg 768w, https:\/\/moonlightkiss.eu\/wp-content\/uploads\/2019\/11\/49203277_2559068777453154_7193806290764693504_o-397x300.jpg 397w\" sizes=\"(max-width: 1000px) 100vw, 1000px\" \/><\/p>\n","protected":false},"excerpt":{"rendered":"<p>24.12.2019 Merry Christmas !!! \u017byczymy wszystkim Weso\u0142ych \u015awi\u0105t!! \ud83d\ude42\u00a0 ___________________________________________________________________________________________________ 26.10.2019r. NDS Pruszk\u00f3w Grand Alliance RAPSODIYA &#8222;Niki&#8221; * place II \/ III, excellent &lt;3 She have only 9.5 months old &#8211; first time in Junor Class \ud83d\ude42 ________________ 26.10.2019 Krajowa &hellip; <a href=\"https:\/\/moonlightkiss.eu\/index.php\/2-2\/news-2019-nowosci-2019\/\">Czytaj dalej <span class=\"meta-nav\">&rarr;<\/span><\/a><\/p>\n","protected":false},"author":1,"featured_media":0,"parent":48,"menu_order":96,"comment_status":"closed","ping_status":"closed","template":"showcase.php","meta":{"footnotes":""},"_links":{"self":[{"href":"https:\/\/moonlightkiss.eu\/index.php\/wp-json\/wp\/v2\/pages\/487"}],"collection":[{"href":"https:\/\/moonlightkiss.eu\/index.php\/wp-json\/wp\/v2\/pages"}],"about":[{"href":"https:\/\/moonlightkiss.eu\/index.php\/wp-json\/wp\/v2\/types\/page"}],"author":[{"embeddable":true,"href":"https:\/\/moonlightkiss.eu\/index.php\/wp-json\/wp\/v2\/users\/1"}],"replies":[{"embeddable":true,"href":"https:\/\/moonlightkiss.eu\/index.php\/wp-json\/wp\/v2\/comments?post=487"}],"version-history":[{"count":9,"href":"https:\/\/moonlightkiss.eu\/index.php\/wp-json\/wp\/v2\/pages\/487\/revisions"}],"predecessor-version":[{"id":615,"href":"https:\/\/moonlightkiss.eu\/index.php\/wp-json\/wp\/v2\/pages\/487\/revisions\/615"}],"up":[{"embeddable":true,"href":"https:\/\/moonlightkiss.eu\/index.php\/wp-json\/wp\/v2\/pages\/48"}],"wp:attachment":[{"href":"https:\/\/moonlightkiss.eu\/index.php\/wp-json\/wp\/v2\/media?parent=487"}],"curies":[{"name":"wp","href":"https:\/\/api.w.org\/{rel}","templated":true}]}}