{"id":45,"date":"2018-11-03T11:19:29","date_gmt":"2018-11-03T10:19:29","guid":{"rendered":"http:\/\/moonlightkiss.eu\/?page_id=45"},"modified":"2019-10-02T12:41:25","modified_gmt":"2019-10-02T10:41:25","slug":"1-2","status":"publish","type":"page","link":"https:\/\/moonlightkiss.eu\/index.php\/1-2\/","title":{"rendered":"About Us \/ O Nas"},"content":{"rendered":"<p style=\"text-align: center;\"><strong>Welcome to the website of my breeding PAPILLON dogs.<\/strong><\/p>\n<p style=\"text-align: center;\"><strong>I am a graduate of the Warsaw University of Life Sciences.<\/strong><\/p>\n<p style=\"text-align: center;\"><strong>At the Faculty of Animal Sciences, I graduated in the following major: Zootechnic, obtaining the title of engineer and master.<\/strong><\/p>\n<p style=\"text-align: center;\"><strong>In the years 2012-2017, I was a co-owner of kennel\u00a0 name &#8222;LAURETTISZA&#8221;. This breeding is already known all over the world.<\/strong><\/p>\n<p style=\"text-align: center;\"><strong>In 2018 I founded the second part of this breeding under the new kennel name: &#8222;MOONLIGHT KISS&#8221;.<\/strong><\/p>\n<p style=\"text-align: center;\"><strong>**********************************************************<br \/>\n**********************************************************<\/strong><\/p>\n<p style=\"text-align: center;\"><strong>Witam na stronie mojej hodowli ps\u00f3w rasy PAPILLON.<\/strong><\/p>\n<p style=\"text-align: center;\"><strong>Jestem absolwentk\u0105 Szko\u0142y G\u0142\u00f3wnej Gospodarstwa Wiejskiego w Warszawie.<\/strong><\/p>\n<p style=\"text-align: center;\"><strong>Na Wydziale Nauk o Zwierz\u0119tach uko\u0144czy\u0142am kierunek: Zootechnika, uzyskuj\u0105c tytu\u0142 in\u017cyniera oraz magistra.<\/strong><\/p>\n<p style=\"text-align: center;\"><strong>W latach 2012-2017 by\u0142am wsp\u00f3\u0142w\u0142a\u015bcicielem Hodowli o przydomku &#8222;LAURETTISZA&#8221;. Hodowla ta jest ju\u017c znana na ca\u0142ym \u015bwiecie.<\/strong><\/p>\n<p style=\"text-align: center;\"><strong>W 2018r za\u0142o\u017cy\u0142am drugi nurt tej hodowli pod nowym przydomkiem :<\/strong><br \/>\n<strong>&#8222;MOONLIGHT KISS&#8221;.<\/strong><\/p>\n<p><img loading=\"lazy\" decoding=\"async\" class=\"alignnone size-full wp-image-344\" src=\"http:\/\/moonlightkiss.eu\/wp-content\/uploads\/2018\/11\/1a.jpg\" alt=\"\" width=\"1200\" height=\"844\" srcset=\"https:\/\/moonlightkiss.eu\/wp-content\/uploads\/2018\/11\/1a.jpg 1200w, https:\/\/moonlightkiss.eu\/wp-content\/uploads\/2018\/11\/1a-300x211.jpg 300w, https:\/\/moonlightkiss.eu\/wp-content\/uploads\/2018\/11\/1a-768x540.jpg 768w, https:\/\/moonlightkiss.eu\/wp-content\/uploads\/2018\/11\/1a-1024x720.jpg 1024w, https:\/\/moonlightkiss.eu\/wp-content\/uploads\/2018\/11\/1a-427x300.jpg 427w\" sizes=\"(max-width: 1200px) 100vw, 1200px\" \/><\/p>\n<p><img loading=\"lazy\" decoding=\"async\" class=\"alignnone size-full wp-image-347\" src=\"http:\/\/moonlightkiss.eu\/wp-content\/uploads\/2018\/11\/2b.jpg\" alt=\"\" width=\"1200\" height=\"839\" srcset=\"https:\/\/moonlightkiss.eu\/wp-content\/uploads\/2018\/11\/2b.jpg 1200w, https:\/\/moonlightkiss.eu\/wp-content\/uploads\/2018\/11\/2b-300x210.jpg 300w, https:\/\/moonlightkiss.eu\/wp-content\/uploads\/2018\/11\/2b-768x537.jpg 768w, https:\/\/moonlightkiss.eu\/wp-content\/uploads\/2018\/11\/2b-1024x716.jpg 1024w, https:\/\/moonlightkiss.eu\/wp-content\/uploads\/2018\/11\/2b-429x300.jpg 429w\" sizes=\"(max-width: 1200px) 100vw, 1200px\" \/><\/p>\n<p>&nbsp;<\/p>\n<p>&nbsp;<\/p>\n","protected":false},"excerpt":{"rendered":"<p>Welcome to the website of my breeding PAPILLON dogs. I am a graduate of the Warsaw University of Life Sciences. At the Faculty of Animal Sciences, I graduated in the following major: Zootechnic, obtaining the title of engineer and master. &hellip; <a href=\"https:\/\/moonlightkiss.eu\/index.php\/1-2\/\">Czytaj dalej <span class=\"meta-nav\">&rarr;<\/span><\/a><\/p>\n","protected":false},"author":1,"featured_media":0,"parent":0,"menu_order":1,"comment_status":"closed","ping_status":"closed","template":"showcase.php","meta":{"footnotes":""},"_links":{"self":[{"href":"https:\/\/moonlightkiss.eu\/index.php\/wp-json\/wp\/v2\/pages\/45"}],"collection":[{"href":"https:\/\/moonlightkiss.eu\/index.php\/wp-json\/wp\/v2\/pages"}],"about":[{"href":"https:\/\/moonlightkiss.eu\/index.php\/wp-json\/wp\/v2\/types\/page"}],"author":[{"embeddable":true,"href":"https:\/\/moonlightkiss.eu\/index.php\/wp-json\/wp\/v2\/users\/1"}],"replies":[{"embeddable":true,"href":"https:\/\/moonlightkiss.eu\/index.php\/wp-json\/wp\/v2\/comments?post=45"}],"version-history":[{"count":11,"href":"https:\/\/moonlightkiss.eu\/index.php\/wp-json\/wp\/v2\/pages\/45\/revisions"}],"predecessor-version":[{"id":479,"href":"https:\/\/moonlightkiss.eu\/index.php\/wp-json\/wp\/v2\/pages\/45\/revisions\/479"}],"wp:attachment":[{"href":"https:\/\/moonlightkiss.eu\/index.php\/wp-json\/wp\/v2\/media?parent=45"}],"curies":[{"name":"wp","href":"https:\/\/api.w.org\/{rel}","templated":true}]}}