{"id":363,"date":"2018-12-02T11:14:48","date_gmt":"2018-12-02T10:14:48","guid":{"rendered":"http:\/\/moonlightkiss.eu\/?page_id=363"},"modified":"2019-01-28T06:30:28","modified_gmt":"2019-01-28T05:30:28","slug":"litter-g-miot-g-2018","status":"publish","type":"page","link":"https:\/\/moonlightkiss.eu\/index.php\/litter\/litter-g-miot-g-2018\/","title":{"rendered":"Litter &#8222;G&#8221; \/ Miot &#8222;G&#8221; 2018"},"content":{"rendered":"<p style=\"text-align: center;\"><strong>Litter &#8222;G&#8221; \/ Miot &#8222;G&#8221; Moonlight Kiss<\/strong><\/p>\n<p style=\"text-align: center;\">Father \/ ojciec:<\/p>\n<p style=\"text-align: center;\">Junior Ch. Polski,\u00a0<span class=\"text_exposed_show\"><br \/>\nCh Polski,<br \/>\nCh.Montenegro,<br \/>\nCh Mo\u0142dawii,<br \/>\nCh Ba\u0142kan\u00f3w,<br \/>\nCH. Macedonii,<br \/>\nZwyci\u0119zca Alp 2017<\/span><\/p>\n<p style=\"text-align: center;\"><strong>OPAL Milbu<\/strong><\/p>\n<p style=\"text-align: center;\">(f : ASPEVALLS WHISTLEBLOWER x m: MILBU ALBA )<\/p>\n<p style=\"text-align: center;\">Mother \/ matka:<\/p>\n<p style=\"text-align: center;\">Ch. Champion Polski<\/p>\n<p style=\"text-align: center;\"><strong>KISS MOONLIGHT Laurettisza &#8222;Muna&#8221;<\/strong><\/p>\n<p style=\"text-align: center;\">(f: JCH.PL, CH.PL,DK Vittoria&#8217;s Warm And Tender x Laurette Magnifique Papillon)<\/p>\n<p><img loading=\"lazy\" decoding=\"async\" class=\"alignnone size-full wp-image-364\" src=\"http:\/\/moonlightkiss.eu\/wp-content\/uploads\/2018\/12\/c123.jpg\" alt=\"\" width=\"879\" height=\"1080\" srcset=\"https:\/\/moonlightkiss.eu\/wp-content\/uploads\/2018\/12\/c123.jpg 879w, https:\/\/moonlightkiss.eu\/wp-content\/uploads\/2018\/12\/c123-244x300.jpg 244w, https:\/\/moonlightkiss.eu\/wp-content\/uploads\/2018\/12\/c123-768x944.jpg 768w, https:\/\/moonlightkiss.eu\/wp-content\/uploads\/2018\/12\/c123-833x1024.jpg 833w\" sizes=\"(max-width: 879px) 100vw, 879px\" \/><\/p>\n<p>_______________________________________________________________________________<\/p>\n<p><strong>Week 9 \/ Tydzie\u0144 9 :\u00a0<\/strong><\/p>\n<p>od lewej :<br \/>\nPiesek 1 &#8211; GRASCO Moonlight Kiss <em>(na sprzeda\u017c)\u00a0<\/em><br \/>\nPiesek 2 &#8211; GROOT Moonlight Kiss <em>(zarezerwowany)<\/em><\/p>\n<p><img loading=\"lazy\" decoding=\"async\" class=\"alignnone size-full wp-image-410\" src=\"http:\/\/moonlightkiss.eu\/wp-content\/uploads\/2019\/01\/22abc.jpg\" alt=\"\" width=\"1400\" height=\"896\" srcset=\"https:\/\/moonlightkiss.eu\/wp-content\/uploads\/2019\/01\/22abc.jpg 1400w, https:\/\/moonlightkiss.eu\/wp-content\/uploads\/2019\/01\/22abc-300x192.jpg 300w, https:\/\/moonlightkiss.eu\/wp-content\/uploads\/2019\/01\/22abc-768x492.jpg 768w, https:\/\/moonlightkiss.eu\/wp-content\/uploads\/2019\/01\/22abc-1024x655.jpg 1024w, https:\/\/moonlightkiss.eu\/wp-content\/uploads\/2019\/01\/22abc-469x300.jpg 469w\" sizes=\"(max-width: 1400px) 100vw, 1400px\" \/><\/p>\n<p>Piesek 1 &#8211; GRASCO Moonlight Kiss :<\/p>\n<p><img loading=\"lazy\" decoding=\"async\" class=\"alignnone size-full wp-image-405\" src=\"http:\/\/moonlightkiss.eu\/wp-content\/uploads\/2019\/01\/31a.jpg\" alt=\"\" width=\"1400\" height=\"928\" srcset=\"https:\/\/moonlightkiss.eu\/wp-content\/uploads\/2019\/01\/31a.jpg 1400w, https:\/\/moonlightkiss.eu\/wp-content\/uploads\/2019\/01\/31a-300x199.jpg 300w, https:\/\/moonlightkiss.eu\/wp-content\/uploads\/2019\/01\/31a-768x509.jpg 768w, https:\/\/moonlightkiss.eu\/wp-content\/uploads\/2019\/01\/31a-1024x679.jpg 1024w, https:\/\/moonlightkiss.eu\/wp-content\/uploads\/2019\/01\/31a-453x300.jpg 453w\" sizes=\"(max-width: 1400px) 100vw, 1400px\" \/><\/p>\n<p>Piesek 2 &#8211; GROOT Moonlight Kiss :<\/p>\n<p><img loading=\"lazy\" decoding=\"async\" class=\"alignnone size-full wp-image-412\" src=\"http:\/\/moonlightkiss.eu\/wp-content\/uploads\/2019\/01\/45abc.jpg\" alt=\"\" width=\"1400\" height=\"974\" srcset=\"https:\/\/moonlightkiss.eu\/wp-content\/uploads\/2019\/01\/45abc.jpg 1400w, https:\/\/moonlightkiss.eu\/wp-content\/uploads\/2019\/01\/45abc-300x209.jpg 300w, https:\/\/moonlightkiss.eu\/wp-content\/uploads\/2019\/01\/45abc-768x534.jpg 768w, https:\/\/moonlightkiss.eu\/wp-content\/uploads\/2019\/01\/45abc-1024x712.jpg 1024w, https:\/\/moonlightkiss.eu\/wp-content\/uploads\/2019\/01\/45abc-431x300.jpg 431w\" sizes=\"(max-width: 1400px) 100vw, 1400px\" \/><\/p>\n<p>________________________________________________________________________________<\/p>\n<p><strong>Week 7 \/ Tydzie\u0144 7 :\u00a0<\/strong><\/p>\n<p>Piesek 1 &#8211; GRASCO Moonlight Kiss :<\/p>\n<p><img loading=\"lazy\" decoding=\"async\" class=\"alignnone size-full wp-image-413\" src=\"http:\/\/moonlightkiss.eu\/wp-content\/uploads\/2019\/01\/26a-kopia.jpg\" alt=\"\" width=\"1400\" height=\"933\" srcset=\"https:\/\/moonlightkiss.eu\/wp-content\/uploads\/2019\/01\/26a-kopia.jpg 1400w, https:\/\/moonlightkiss.eu\/wp-content\/uploads\/2019\/01\/26a-kopia-300x200.jpg 300w, https:\/\/moonlightkiss.eu\/wp-content\/uploads\/2019\/01\/26a-kopia-768x512.jpg 768w, https:\/\/moonlightkiss.eu\/wp-content\/uploads\/2019\/01\/26a-kopia-1024x682.jpg 1024w, https:\/\/moonlightkiss.eu\/wp-content\/uploads\/2019\/01\/26a-kopia-450x300.jpg 450w\" sizes=\"(max-width: 1400px) 100vw, 1400px\" \/><\/p>\n<p>Piesek 2 &#8211; GROOT Moonlight Kiss :<\/p>\n<p><img loading=\"lazy\" decoding=\"async\" class=\"alignnone size-full wp-image-414\" src=\"http:\/\/moonlightkiss.eu\/wp-content\/uploads\/2019\/01\/45a-kopia.jpg\" alt=\"\" width=\"1400\" height=\"962\" srcset=\"https:\/\/moonlightkiss.eu\/wp-content\/uploads\/2019\/01\/45a-kopia.jpg 1400w, https:\/\/moonlightkiss.eu\/wp-content\/uploads\/2019\/01\/45a-kopia-300x206.jpg 300w, https:\/\/moonlightkiss.eu\/wp-content\/uploads\/2019\/01\/45a-kopia-768x528.jpg 768w, https:\/\/moonlightkiss.eu\/wp-content\/uploads\/2019\/01\/45a-kopia-1024x704.jpg 1024w, https:\/\/moonlightkiss.eu\/wp-content\/uploads\/2019\/01\/45a-kopia-437x300.jpg 437w\" sizes=\"(max-width: 1400px) 100vw, 1400px\" \/><\/p>\n<p>_________________________________________________________________________________<\/p>\n<p><strong>Week 5 \/ Tydzie\u0144 5 :\u00a0<\/strong><\/p>\n<p><img loading=\"lazy\" decoding=\"async\" class=\"alignnone size-full wp-image-395\" src=\"http:\/\/moonlightkiss.eu\/wp-content\/uploads\/2018\/12\/3c.jpg\" alt=\"\" width=\"1500\" height=\"1038\" srcset=\"https:\/\/moonlightkiss.eu\/wp-content\/uploads\/2018\/12\/3c.jpg 1500w, https:\/\/moonlightkiss.eu\/wp-content\/uploads\/2018\/12\/3c-300x208.jpg 300w, https:\/\/moonlightkiss.eu\/wp-content\/uploads\/2018\/12\/3c-768x531.jpg 768w, https:\/\/moonlightkiss.eu\/wp-content\/uploads\/2018\/12\/3c-1024x709.jpg 1024w, https:\/\/moonlightkiss.eu\/wp-content\/uploads\/2018\/12\/3c-434x300.jpg 434w\" sizes=\"(max-width: 1500px) 100vw, 1500px\" \/><\/p>\n<p><strong>male 1 \/ piesek 1 :\u00a0<\/strong><\/p>\n<p><img loading=\"lazy\" decoding=\"async\" class=\"alignnone size-full wp-image-399\" src=\"http:\/\/moonlightkiss.eu\/wp-content\/uploads\/2019\/01\/a3.jpg\" alt=\"\" width=\"1400\" height=\"1040\" srcset=\"https:\/\/moonlightkiss.eu\/wp-content\/uploads\/2019\/01\/a3.jpg 1400w, https:\/\/moonlightkiss.eu\/wp-content\/uploads\/2019\/01\/a3-300x223.jpg 300w, https:\/\/moonlightkiss.eu\/wp-content\/uploads\/2019\/01\/a3-768x571.jpg 768w, https:\/\/moonlightkiss.eu\/wp-content\/uploads\/2019\/01\/a3-1024x761.jpg 1024w, https:\/\/moonlightkiss.eu\/wp-content\/uploads\/2019\/01\/a3-404x300.jpg 404w\" sizes=\"(max-width: 1400px) 100vw, 1400px\" \/><\/p>\n<p><strong>male 2 \/ piesek 2 :\u00a0<\/strong><\/p>\n<p><img loading=\"lazy\" decoding=\"async\" class=\"alignnone size-full wp-image-400\" src=\"http:\/\/moonlightkiss.eu\/wp-content\/uploads\/2019\/01\/b3.jpg\" alt=\"\" width=\"1400\" height=\"1060\" srcset=\"https:\/\/moonlightkiss.eu\/wp-content\/uploads\/2019\/01\/b3.jpg 1400w, https:\/\/moonlightkiss.eu\/wp-content\/uploads\/2019\/01\/b3-300x227.jpg 300w, https:\/\/moonlightkiss.eu\/wp-content\/uploads\/2019\/01\/b3-768x581.jpg 768w, https:\/\/moonlightkiss.eu\/wp-content\/uploads\/2019\/01\/b3-1024x775.jpg 1024w, https:\/\/moonlightkiss.eu\/wp-content\/uploads\/2019\/01\/b3-396x300.jpg 396w\" sizes=\"(max-width: 1400px) 100vw, 1400px\" \/><\/p>\n<p>________________________________________________________________________________<\/p>\n<p><strong>Week 4 \/ Tydzie\u0144 4 :\u00a0<\/strong><\/p>\n<p><img loading=\"lazy\" decoding=\"async\" class=\"alignnone size-full wp-image-396\" src=\"http:\/\/moonlightkiss.eu\/wp-content\/uploads\/2018\/12\/1bd.jpg\" alt=\"\" width=\"1500\" height=\"1018\" srcset=\"https:\/\/moonlightkiss.eu\/wp-content\/uploads\/2018\/12\/1bd.jpg 1500w, https:\/\/moonlightkiss.eu\/wp-content\/uploads\/2018\/12\/1bd-300x204.jpg 300w, https:\/\/moonlightkiss.eu\/wp-content\/uploads\/2018\/12\/1bd-768x521.jpg 768w, https:\/\/moonlightkiss.eu\/wp-content\/uploads\/2018\/12\/1bd-1024x695.jpg 1024w, https:\/\/moonlightkiss.eu\/wp-content\/uploads\/2018\/12\/1bd-442x300.jpg 442w\" sizes=\"(max-width: 1500px) 100vw, 1500px\" \/><\/p>\n<p>_________________________________________________________________________________<\/p>\n<p><strong>Week 3 \/ Tydzie\u0144 3 :<\/strong><\/p>\n<p><img loading=\"lazy\" decoding=\"async\" class=\"alignnone size-full wp-image-389\" src=\"http:\/\/moonlightkiss.eu\/wp-content\/uploads\/2018\/12\/1.jpg\" alt=\"\" width=\"1204\" height=\"788\" srcset=\"https:\/\/moonlightkiss.eu\/wp-content\/uploads\/2018\/12\/1.jpg 1204w, https:\/\/moonlightkiss.eu\/wp-content\/uploads\/2018\/12\/1-300x196.jpg 300w, https:\/\/moonlightkiss.eu\/wp-content\/uploads\/2018\/12\/1-768x503.jpg 768w, https:\/\/moonlightkiss.eu\/wp-content\/uploads\/2018\/12\/1-1024x670.jpg 1024w, https:\/\/moonlightkiss.eu\/wp-content\/uploads\/2018\/12\/1-458x300.jpg 458w\" sizes=\"(max-width: 1204px) 100vw, 1204px\" \/><\/p>\n<p>male 1 \/ piesek 1 :<\/p>\n<p><img loading=\"lazy\" decoding=\"async\" class=\"alignnone size-full wp-image-391\" src=\"http:\/\/moonlightkiss.eu\/wp-content\/uploads\/2018\/12\/2a.jpg\" alt=\"\" width=\"1206\" height=\"896\" srcset=\"https:\/\/moonlightkiss.eu\/wp-content\/uploads\/2018\/12\/2a.jpg 1206w, https:\/\/moonlightkiss.eu\/wp-content\/uploads\/2018\/12\/2a-300x223.jpg 300w, https:\/\/moonlightkiss.eu\/wp-content\/uploads\/2018\/12\/2a-768x571.jpg 768w, https:\/\/moonlightkiss.eu\/wp-content\/uploads\/2018\/12\/2a-1024x761.jpg 1024w, https:\/\/moonlightkiss.eu\/wp-content\/uploads\/2018\/12\/2a-404x300.jpg 404w\" sizes=\"(max-width: 1206px) 100vw, 1206px\" \/><\/p>\n<p>male 2 \/ piesek 2 :<\/p>\n<p><img loading=\"lazy\" decoding=\"async\" class=\"alignnone size-full wp-image-392\" src=\"http:\/\/moonlightkiss.eu\/wp-content\/uploads\/2018\/12\/3a.jpg\" alt=\"\" width=\"1204\" height=\"881\" srcset=\"https:\/\/moonlightkiss.eu\/wp-content\/uploads\/2018\/12\/3a.jpg 1204w, https:\/\/moonlightkiss.eu\/wp-content\/uploads\/2018\/12\/3a-300x220.jpg 300w, https:\/\/moonlightkiss.eu\/wp-content\/uploads\/2018\/12\/3a-768x562.jpg 768w, https:\/\/moonlightkiss.eu\/wp-content\/uploads\/2018\/12\/3a-1024x749.jpg 1024w, https:\/\/moonlightkiss.eu\/wp-content\/uploads\/2018\/12\/3a-410x300.jpg 410w\" sizes=\"(max-width: 1204px) 100vw, 1204px\" \/><\/p>\n<p>________________________________________________________________________________<\/p>\n<p><strong>Week 2 \/ Tydzie\u0144 2 :\u00a0<\/strong><\/p>\n<p><img loading=\"lazy\" decoding=\"async\" class=\"alignnone size-full wp-image-376\" src=\"http:\/\/moonlightkiss.eu\/wp-content\/uploads\/2018\/12\/54abcd.jpg\" alt=\"\" width=\"1300\" height=\"879\" srcset=\"https:\/\/moonlightkiss.eu\/wp-content\/uploads\/2018\/12\/54abcd.jpg 1300w, https:\/\/moonlightkiss.eu\/wp-content\/uploads\/2018\/12\/54abcd-300x203.jpg 300w, https:\/\/moonlightkiss.eu\/wp-content\/uploads\/2018\/12\/54abcd-768x519.jpg 768w, https:\/\/moonlightkiss.eu\/wp-content\/uploads\/2018\/12\/54abcd-1024x692.jpg 1024w, https:\/\/moonlightkiss.eu\/wp-content\/uploads\/2018\/12\/54abcd-444x300.jpg 444w\" sizes=\"(max-width: 1300px) 100vw, 1300px\" \/><\/p>\n<p style=\"text-align: center;\">*****************<\/p>\n<p><img loading=\"lazy\" decoding=\"async\" class=\"alignnone size-full wp-image-377\" src=\"http:\/\/moonlightkiss.eu\/wp-content\/uploads\/2018\/12\/a2.jpg\" alt=\"\" width=\"2002\" height=\"1501\" srcset=\"https:\/\/moonlightkiss.eu\/wp-content\/uploads\/2018\/12\/a2.jpg 2002w, https:\/\/moonlightkiss.eu\/wp-content\/uploads\/2018\/12\/a2-300x225.jpg 300w, https:\/\/moonlightkiss.eu\/wp-content\/uploads\/2018\/12\/a2-768x576.jpg 768w, https:\/\/moonlightkiss.eu\/wp-content\/uploads\/2018\/12\/a2-1024x768.jpg 1024w, https:\/\/moonlightkiss.eu\/wp-content\/uploads\/2018\/12\/a2-400x300.jpg 400w\" sizes=\"(max-width: 2002px) 100vw, 2002px\" \/><\/p>\n<p style=\"text-align: center;\">*****************<\/p>\n<p><img loading=\"lazy\" decoding=\"async\" class=\"alignnone size-full wp-image-378\" src=\"http:\/\/moonlightkiss.eu\/wp-content\/uploads\/2018\/12\/b2.jpg\" alt=\"\" width=\"1998\" height=\"1509\" srcset=\"https:\/\/moonlightkiss.eu\/wp-content\/uploads\/2018\/12\/b2.jpg 1998w, https:\/\/moonlightkiss.eu\/wp-content\/uploads\/2018\/12\/b2-300x227.jpg 300w, https:\/\/moonlightkiss.eu\/wp-content\/uploads\/2018\/12\/b2-768x580.jpg 768w, https:\/\/moonlightkiss.eu\/wp-content\/uploads\/2018\/12\/b2-1024x773.jpg 1024w, https:\/\/moonlightkiss.eu\/wp-content\/uploads\/2018\/12\/b2-397x300.jpg 397w\" sizes=\"(max-width: 1998px) 100vw, 1998px\" \/><\/p>\n<p>________________________________________________________________________________<\/p>\n<p><strong>Week 1 \/ Tydzie\u0144 1 :<\/strong><\/p>\n<p><img loading=\"lazy\" decoding=\"async\" class=\"alignnone size-full wp-image-366\" src=\"http:\/\/moonlightkiss.eu\/wp-content\/uploads\/2018\/12\/5c.jpg\" alt=\"\" width=\"1300\" height=\"867\" srcset=\"https:\/\/moonlightkiss.eu\/wp-content\/uploads\/2018\/12\/5c.jpg 1300w, https:\/\/moonlightkiss.eu\/wp-content\/uploads\/2018\/12\/5c-300x200.jpg 300w, https:\/\/moonlightkiss.eu\/wp-content\/uploads\/2018\/12\/5c-768x512.jpg 768w, https:\/\/moonlightkiss.eu\/wp-content\/uploads\/2018\/12\/5c-1024x683.jpg 1024w, https:\/\/moonlightkiss.eu\/wp-content\/uploads\/2018\/12\/5c-450x300.jpg 450w\" sizes=\"(max-width: 1300px) 100vw, 1300px\" \/><\/p>\n","protected":false},"excerpt":{"rendered":"<p>Litter &#8222;G&#8221; \/ Miot &#8222;G&#8221; Moonlight Kiss Father \/ ojciec: Junior Ch. Polski,\u00a0 Ch Polski, Ch.Montenegro, Ch Mo\u0142dawii, Ch Ba\u0142kan\u00f3w, CH. Macedonii, Zwyci\u0119zca Alp 2017 OPAL Milbu (f : ASPEVALLS WHISTLEBLOWER x m: MILBU ALBA ) Mother \/ matka: Ch. &hellip; <a href=\"https:\/\/moonlightkiss.eu\/index.php\/litter\/litter-g-miot-g-2018\/\">Czytaj dalej <span class=\"meta-nav\">&rarr;<\/span><\/a><\/p>\n","protected":false},"author":1,"featured_media":0,"parent":61,"menu_order":96,"comment_status":"closed","ping_status":"closed","template":"showcase.php","meta":{"footnotes":""},"_links":{"self":[{"href":"https:\/\/moonlightkiss.eu\/index.php\/wp-json\/wp\/v2\/pages\/363"}],"collection":[{"href":"https:\/\/moonlightkiss.eu\/index.php\/wp-json\/wp\/v2\/pages"}],"about":[{"href":"https:\/\/moonlightkiss.eu\/index.php\/wp-json\/wp\/v2\/types\/page"}],"author":[{"embeddable":true,"href":"https:\/\/moonlightkiss.eu\/index.php\/wp-json\/wp\/v2\/users\/1"}],"replies":[{"embeddable":true,"href":"https:\/\/moonlightkiss.eu\/index.php\/wp-json\/wp\/v2\/comments?post=363"}],"version-history":[{"count":9,"href":"https:\/\/moonlightkiss.eu\/index.php\/wp-json\/wp\/v2\/pages\/363\/revisions"}],"predecessor-version":[{"id":416,"href":"https:\/\/moonlightkiss.eu\/index.php\/wp-json\/wp\/v2\/pages\/363\/revisions\/416"}],"up":[{"embeddable":true,"href":"https:\/\/moonlightkiss.eu\/index.php\/wp-json\/wp\/v2\/pages\/61"}],"wp:attachment":[{"href":"https:\/\/moonlightkiss.eu\/index.php\/wp-json\/wp\/v2\/media?parent=363"}],"curies":[{"name":"wp","href":"https:\/\/api.w.org\/{rel}","templated":true}]}}