{"id":199,"date":"2018-11-04T18:05:45","date_gmt":"2018-11-04T17:05:45","guid":{"rendered":"http:\/\/moonlightkiss.eu\/?page_id=199"},"modified":"2018-11-04T19:48:31","modified_gmt":"2018-11-04T18:48:31","slug":"news-2015-nowosci-2015","status":"publish","type":"page","link":"https:\/\/moonlightkiss.eu\/index.php\/2-2\/news-2015-nowosci-2015\/","title":{"rendered":"NEWS 2015 \/ Nowo\u015bci 2015"},"content":{"rendered":"<p style=\"text-align: center;\">_____________________________________________________________________________________<\/p>\n<div><strong>7.12.2015r Robber flew to his new home, to Italy \/\u00a0Robber polecia\u0142 do nowego domu, do W\u0142och.<\/strong><\/div>\n<div><\/div>\n<div>ROBBER Laurettisza (JCH.PL, CH.PL, CH.MD, Grand CH.MD, Cup Wine 2015,\u00a0Toot Sweet\u2019s Confetti In The Snow \u201eCony\u201d x CH.PL KISS MOONLIGHT Laurettisza \u201eMuna\u201d<\/div>\n<div><\/div>\n<div>owner \/ w\u0142a\u015bcicielka : .\u00a0<a href=\"https:\/\/web.facebook.com\/elena.armani.921\" data-hovercard=\"\/ajax\/hovercard\/user.php?id=1557895483\">Elena Armani<\/a>\u00a0take care of him and love him!<br \/>\nGood luck in your new home, our sweetie boy!!!! Powodzenia w nowym domu, s\u0142odziaku !<\/div>\n<div><\/div>\n<div><img loading=\"lazy\" decoding=\"async\" class=\"size-full wp-image-266 aligncenter\" src=\"http:\/\/moonlightkiss.eu\/wp-content\/uploads\/2018\/11\/57.jpg\" alt=\"\" width=\"468\" height=\"300\" srcset=\"https:\/\/moonlightkiss.eu\/wp-content\/uploads\/2018\/11\/57.jpg 468w, https:\/\/moonlightkiss.eu\/wp-content\/uploads\/2018\/11\/57-300x192.jpg 300w\" sizes=\"(max-width: 468px) 100vw, 468px\" \/><\/div>\n<p style=\"text-align: center;\">________________________________________________________________________________<\/p>\n<p><strong>10.09.2015 szczeniaczki maj\u0105 3 tygodnie \/ puppies have 3 weeks old<\/strong><\/p>\n<p>&nbsp;<\/p>\n<p><img loading=\"lazy\" decoding=\"async\" class=\"size-full wp-image-267 aligncenter\" src=\"http:\/\/moonlightkiss.eu\/wp-content\/uploads\/2018\/11\/58.jpg\" alt=\"\" width=\"468\" height=\"300\" srcset=\"https:\/\/moonlightkiss.eu\/wp-content\/uploads\/2018\/11\/58.jpg 468w, https:\/\/moonlightkiss.eu\/wp-content\/uploads\/2018\/11\/58-300x192.jpg 300w\" sizes=\"(max-width: 468px) 100vw, 468px\" \/><\/p>\n<p style=\"text-align: center;\">___________________________________________________________________________________<\/p>\n<p><strong>21.08.2015. urodzi\u0142y si\u0119 ma\u0142e papillonki \u2013 Miot \u201eR\u201d , piesek i suczka<\/strong><br \/>\n<strong>21.08.2015 born puppies \u2013 Litter \u201eR\u201d, male and female<\/strong><\/p>\n<p>&nbsp;<\/p>\n<p><img loading=\"lazy\" decoding=\"async\" class=\"size-full wp-image-268 aligncenter\" src=\"http:\/\/moonlightkiss.eu\/wp-content\/uploads\/2018\/11\/59.jpg\" alt=\"\" width=\"1024\" height=\"812\" srcset=\"https:\/\/moonlightkiss.eu\/wp-content\/uploads\/2018\/11\/59.jpg 1024w, https:\/\/moonlightkiss.eu\/wp-content\/uploads\/2018\/11\/59-300x238.jpg 300w, https:\/\/moonlightkiss.eu\/wp-content\/uploads\/2018\/11\/59-768x609.jpg 768w, https:\/\/moonlightkiss.eu\/wp-content\/uploads\/2018\/11\/59-378x300.jpg 378w\" sizes=\"(max-width: 1024px) 100vw, 1024px\" \/><\/p>\n<div style=\"text-align: center;\">_________________________________________________________________________<\/div>\n<div><\/div>\n<div><strong>12.04.2015\u00a0National Dog Show \/ Krajowa Wystawa Ps\u00f3w\u00a0<\/strong><br \/>\n<strong>Nowy Dw\u00f3r Mazowiecki o\/Legionowo<\/strong><\/div>\n<div>.<\/div>\n<div>\n<p>Nasza s\u0142odka ksi\u0119\u017cniczka \u2013<strong>Kiss Moonlight Laurettisza \u201eMuna\u201d<\/strong>\u00a0\u00a0\u2013 jest nowym\u00a0<strong>CHAMPIONEM POLSKI !!!!<\/strong><\/p>\n<p>Our sweet princess \u2013\u00a0<strong>Kiss Moonlight Laurettisza \u201eMuna\u201d<\/strong>\u00a0\u2013 is a new\u00a0<strong>POLISH CHAMPION !!\u00a0<\/strong><\/p>\n<p><em>S\u0119dzia\/Judge: Rafa\u0142 First (PL)<\/em><br \/>\n<strong>Kiss Moonlight Laurettisza \u201eMuna\u201d<\/strong>\u00a0\u2013 lok 1(2),doskona\u0142a\/excellent, CWC\/CAC<\/p>\n<\/div>\n<p>&nbsp;<\/p>\n<p><img loading=\"lazy\" decoding=\"async\" class=\"size-full wp-image-269 aligncenter\" src=\"http:\/\/moonlightkiss.eu\/wp-content\/uploads\/2018\/11\/60.jpg\" alt=\"\" width=\"999\" height=\"548\" srcset=\"https:\/\/moonlightkiss.eu\/wp-content\/uploads\/2018\/11\/60.jpg 999w, https:\/\/moonlightkiss.eu\/wp-content\/uploads\/2018\/11\/60-300x165.jpg 300w, https:\/\/moonlightkiss.eu\/wp-content\/uploads\/2018\/11\/60-768x421.jpg 768w, https:\/\/moonlightkiss.eu\/wp-content\/uploads\/2018\/11\/60-500x274.jpg 500w\" sizes=\"(max-width: 999px) 100vw, 999px\" \/><\/p>\n<p style=\"text-align: center;\">____________________________________________________________________________________<\/p>\n<p><strong>7.03.2015 Mi\u0119dzynarodowa Wystawa Drzonk\u00f3w \/ Zielona G\u00f3ra<\/strong><\/p>\n<p><em>s\u0119dzia \/ judge:\u00a0Robert Kube\u0161 \u00a0<\/em><\/p>\n<ul>\n<li><strong>Kiss Moonlight Laurettisza \u201eMuna\u201d<\/strong>\u00a0\/open class\/ \u2013 excellent, 2 (5)<\/li>\n<\/ul>\n<p>&nbsp;<\/p>\n<p><img loading=\"lazy\" decoding=\"async\" class=\"size-full wp-image-270 aligncenter\" src=\"http:\/\/moonlightkiss.eu\/wp-content\/uploads\/2018\/11\/61.jpg\" alt=\"\" width=\"700\" height=\"464\" srcset=\"https:\/\/moonlightkiss.eu\/wp-content\/uploads\/2018\/11\/61.jpg 700w, https:\/\/moonlightkiss.eu\/wp-content\/uploads\/2018\/11\/61-300x199.jpg 300w, https:\/\/moonlightkiss.eu\/wp-content\/uploads\/2018\/11\/61-453x300.jpg 453w\" sizes=\"(max-width: 700px) 100vw, 700px\" \/><\/p>\n<p style=\"text-align: center;\">_________________________________________________________________________________<\/p>\n<p><strong>14.02.2015 Muna obchodzi swoje 2 urodziny!<\/strong><\/p>\n<p>Wszystkiego najlepszego ksi\u0119\u017cniczko :*<\/p>\n<p>Happy Birthday \u201eMuna\u201d ( Kiss Moonlight Laurettisza) !!<\/p>\n<p>&nbsp;<\/p>\n<p><img loading=\"lazy\" decoding=\"async\" class=\"size-full wp-image-271 aligncenter\" src=\"http:\/\/moonlightkiss.eu\/wp-content\/uploads\/2018\/11\/62.jpg\" alt=\"\" width=\"500\" height=\"276\" srcset=\"https:\/\/moonlightkiss.eu\/wp-content\/uploads\/2018\/11\/62.jpg 500w, https:\/\/moonlightkiss.eu\/wp-content\/uploads\/2018\/11\/62-300x166.jpg 300w\" sizes=\"(max-width: 500px) 100vw, 500px\" \/><\/p>\n<p style=\"text-align: center;\"><strong>***********************************************************************************<\/strong><\/p>\n<p style=\"text-align: center;\"><strong>2014<\/strong><\/p>\n<p><strong>3.08.2014r Mi\u0119dzynarodowa Wystawa Ps\u00f3w \/ International Dog Show Zakopane (PL)<\/strong><br \/>\n<strong><em>S\u0119dzia\/Judge:Jaroslav Maty\u00e1\u0161(SK)<\/em><\/strong><\/p>\n<ul>\n<li><strong>Kiss Moonlight Laurettisza \u201eMuna\u201d<\/strong>\u00a0(17 months) \u2013 Lok. I, doskona\u0142a\/excellent, CWC\/CAC<\/li>\n<\/ul>\n<p>&nbsp;<\/p>\n<p><img loading=\"lazy\" decoding=\"async\" class=\"size-full wp-image-274 aligncenter\" src=\"http:\/\/moonlightkiss.eu\/wp-content\/uploads\/2018\/11\/63.jpg\" alt=\"\" width=\"1030\" height=\"372\" srcset=\"https:\/\/moonlightkiss.eu\/wp-content\/uploads\/2018\/11\/63.jpg 1030w, https:\/\/moonlightkiss.eu\/wp-content\/uploads\/2018\/11\/63-300x108.jpg 300w, https:\/\/moonlightkiss.eu\/wp-content\/uploads\/2018\/11\/63-768x277.jpg 768w, https:\/\/moonlightkiss.eu\/wp-content\/uploads\/2018\/11\/63-1024x370.jpg 1024w, https:\/\/moonlightkiss.eu\/wp-content\/uploads\/2018\/11\/63-500x181.jpg 500w\" sizes=\"(max-width: 1030px) 100vw, 1030px\" \/><\/p>\n<p>____________________________________________________________________<\/p>\n<p><strong>Mi\u0119dzynarodowa Wystawa Ps\u00f3w (International Dog Show) Krak\u00f3w (PL) 15.06.2014r<\/strong><\/p>\n<p><em>s\u0119dzia \/ judge : Zdenka Jilkova(CZ)<\/em><\/p>\n<ul>\n<li><strong>Kiss Moonlight Laurettisza \u201eMuna\u201d<\/strong>\u00a0\u2013 lok I , excellent \/ doskona\u0142a, CAC\/CWC<\/li>\n<\/ul>\n<p>MUNA start <strong>POLISH CHAMPION!!!!<\/strong><\/p>\n<p>_____________________________________________________________________<\/p>\n<p>&nbsp;<\/p>\n","protected":false},"excerpt":{"rendered":"<p>_____________________________________________________________________________________ 7.12.2015r Robber flew to his new home, to Italy \/\u00a0Robber polecia\u0142 do nowego domu, do W\u0142och. ROBBER Laurettisza (JCH.PL, CH.PL, CH.MD, Grand CH.MD, Cup Wine 2015,\u00a0Toot Sweet\u2019s Confetti In The Snow \u201eCony\u201d x CH.PL KISS MOONLIGHT Laurettisza \u201eMuna\u201d owner &hellip; <a href=\"https:\/\/moonlightkiss.eu\/index.php\/2-2\/news-2015-nowosci-2015\/\">Czytaj dalej <span class=\"meta-nav\">&rarr;<\/span><\/a><\/p>\n","protected":false},"author":1,"featured_media":0,"parent":48,"menu_order":101,"comment_status":"closed","ping_status":"closed","template":"showcase.php","meta":{"footnotes":""},"_links":{"self":[{"href":"https:\/\/moonlightkiss.eu\/index.php\/wp-json\/wp\/v2\/pages\/199"}],"collection":[{"href":"https:\/\/moonlightkiss.eu\/index.php\/wp-json\/wp\/v2\/pages"}],"about":[{"href":"https:\/\/moonlightkiss.eu\/index.php\/wp-json\/wp\/v2\/types\/page"}],"author":[{"embeddable":true,"href":"https:\/\/moonlightkiss.eu\/index.php\/wp-json\/wp\/v2\/users\/1"}],"replies":[{"embeddable":true,"href":"https:\/\/moonlightkiss.eu\/index.php\/wp-json\/wp\/v2\/comments?post=199"}],"version-history":[{"count":6,"href":"https:\/\/moonlightkiss.eu\/index.php\/wp-json\/wp\/v2\/pages\/199\/revisions"}],"predecessor-version":[{"id":276,"href":"https:\/\/moonlightkiss.eu\/index.php\/wp-json\/wp\/v2\/pages\/199\/revisions\/276"}],"up":[{"embeddable":true,"href":"https:\/\/moonlightkiss.eu\/index.php\/wp-json\/wp\/v2\/pages\/48"}],"wp:attachment":[{"href":"https:\/\/moonlightkiss.eu\/index.php\/wp-json\/wp\/v2\/media?parent=199"}],"curies":[{"name":"wp","href":"https:\/\/api.w.org\/{rel}","templated":true}]}}