{"id":184,"date":"2018-11-03T17:39:47","date_gmt":"2018-11-03T16:39:47","guid":{"rendered":"http:\/\/moonlightkiss.eu\/?page_id=184"},"modified":"2018-11-04T19:41:42","modified_gmt":"2018-11-04T18:41:42","slug":"184-2","status":"publish","type":"page","link":"https:\/\/moonlightkiss.eu\/index.php\/2-2\/184-2\/","title":{"rendered":"NEWS 2016 \/ Nowo\u015bci 2016"},"content":{"rendered":"<p>________________________________________________________________________<\/p>\n<p><span style=\"text-decoration: underline;\"><span style=\"color: #ff0000; text-decoration: underline;\">3.12.2016 &#8211; This was a beautiful, sunny day at the National Dog Show in Nowy Dwor Mazowiecki .<\/span><\/span><br \/>\n<span style=\"text-decoration: underline;\"><span style=\"color: #ff0000; text-decoration: underline;\">To by\u0142 piekny i s\u0142oneczny dzie\u0144 na Krajowej Wystawie w Nowym Dworze Mazowieckim.<\/span><\/span><\/p>\n<ul>\n<li><strong>RESOLUTE SISSI Laurettisza &#8222;Sissi&#8221;<\/strong> \/15 months old, debut in open class\/<br \/>\n* \u00a01 \/2, CAC, excellent<br \/>\n\/ miejsce 1 \/2, CWC, ocena doskona\u0142a \/<\/li>\n<\/ul>\n<p>Sissi started POLISH CHAMPION !!! This was the second show in her life (First was in puppy class \ud83d\ude42 )<br \/>\nSissi rozpocz\u0119\u0142a CHAMPIONAT POLSKI!!! To by\u0142a dopiero jej druga wystawa w \u017cyciu \ud83d\ude42 Pierwsza by\u0142a w klasie szczeni\u0105t \ud83d\ude42<\/p>\n<p><img loading=\"lazy\" decoding=\"async\" class=\"alignnone size-full wp-image-251\" src=\"http:\/\/moonlightkiss.eu\/wp-content\/uploads\/2018\/11\/45-1.jpg\" alt=\"\" width=\"1100\" height=\"593\" srcset=\"https:\/\/moonlightkiss.eu\/wp-content\/uploads\/2018\/11\/45-1.jpg 1100w, https:\/\/moonlightkiss.eu\/wp-content\/uploads\/2018\/11\/45-1-300x162.jpg 300w, https:\/\/moonlightkiss.eu\/wp-content\/uploads\/2018\/11\/45-1-768x414.jpg 768w, https:\/\/moonlightkiss.eu\/wp-content\/uploads\/2018\/11\/45-1-1024x552.jpg 1024w, https:\/\/moonlightkiss.eu\/wp-content\/uploads\/2018\/11\/45-1-500x270.jpg 500w\" sizes=\"(max-width: 1100px) 100vw, 1100px\" \/><\/p>\n<p>Sissi&#8217;s parents:<br \/>\nMultiCH. Toot Sweet&#8217;s CONFETTI IN THE SNOW x CH. KISS MOONLIGHT Laurettisza<\/p>\n<p>__________________________________________________________________________<\/p>\n<p><span style=\"text-decoration: underline; color: #ff0000;\">26-27.11.2016 \u00a02x International Dog Show Zagreb, Croatia \/ 2x Mi\u0119dzynarodowa Wystawa Zagrzeb, Chorwacja<\/span><\/p>\n<ul>\n<li><strong>ROBBER Laurettisza &#8222;Stitch&#8221;<\/strong> \/int.class\/<br \/>\n* 1 \/3, excellent, CAC<br \/>\n\/miejsce 1 \/3, ocena doskona\u0142a, CWC\/<br \/>\n<em>Judge\/s\u0119dzia : Oliveira Rui<br \/>\n<\/em><br \/>\n* 1 \/2, excellent, CAC, R.CACIB<br \/>\n\/miejsce 1 \/2, ocena doskona\u0142a, CWC, res.CACIB<br \/>\n<em>Judge\/s\u0119dzia : \u00a0Beradze Luza<\/em><\/li>\n<\/ul>\n<p>Robber first time go in the intermediate class . He has 15 months and 5 days old. He was the youngest in his class. He start CROATIAN CHAMPION !<\/p>\n<p>Robber pierwszy raz szed\u0142 w klasie po\u015bredniej, maj\u0105c 15 miesi\u0119cy i 5 dni i by\u0142 najm\u0142odszy w swojej klasie. Robber rozpocz\u0105\u0142 CHAMPIONAT CHORWACJI !<\/p>\n<p><span data-offset-key=\"f54er-0-0\"><span data-text=\"true\">BIG Congratulations to his owner: <\/span><\/span><span class=\"_5u8u\" spellcheck=\"false\" data-offset-key=\"f54er-1-0\"><span data-offset-key=\"f54er-1-0\"><span data-text=\"true\">Elena Armani<\/span><\/span><\/span><span data-offset-key=\"f54er-2-0\"><span data-text=\"true\"> !!!! Good job!! \ud83d\ude42<br \/>\n<\/span><\/span>Ogromne gratulacje dla w\u0142a\u015bcicielki &#8211; Eleny Armani !! \ud83d\ude42<\/p>\n<p>&nbsp;<\/p>\n<p><img loading=\"lazy\" decoding=\"async\" class=\"alignnone size-full wp-image-252\" src=\"http:\/\/moonlightkiss.eu\/wp-content\/uploads\/2018\/11\/46.jpg\" alt=\"\" width=\"960\" height=\"588\" srcset=\"https:\/\/moonlightkiss.eu\/wp-content\/uploads\/2018\/11\/46.jpg 960w, https:\/\/moonlightkiss.eu\/wp-content\/uploads\/2018\/11\/46-300x184.jpg 300w, https:\/\/moonlightkiss.eu\/wp-content\/uploads\/2018\/11\/46-768x470.jpg 768w, https:\/\/moonlightkiss.eu\/wp-content\/uploads\/2018\/11\/46-490x300.jpg 490w\" sizes=\"(max-width: 960px) 100vw, 960px\" \/><\/p>\n<p>ROBBER&#8217;s parents:\u00a0MultiCH. Toot Sweet&#8217;s CONFETTI IN THE SNOW x CH. KISS MOONLIGHT Laurettisza<\/p>\n<p>_________________________________________________________________________<\/p>\n<div class=\"\" data-block=\"true\" data-editor=\"7uc8e\" data-offset-key=\"7qabh-0-0\"><\/div>\n<div class=\"\" data-block=\"true\" data-editor=\"7uc8e\" data-offset-key=\"a97l1-0-0\">\n<div class=\"_1mf _1mj\" data-offset-key=\"a97l1-0-0\"><span style=\"text-decoration: underline; color: #ff0000;\"><span data-offset-key=\"a97l1-0-0\"><span data-text=\"true\">1) 30.10.2016 Insubria Winner 2016:<\/span><\/span><\/span><\/div>\n<div class=\"_1mf _1mj\" data-offset-key=\"a97l1-0-0\"><\/div>\n<ul>\n<li class=\"_1mf _1mj\" data-offset-key=\"a97l1-0-0\"><strong>ROBBER Laurettisza (Stitch)<\/strong>\u00a0 &#8211; place 1 excellent, JBOS !<br \/>\n\/lokata 1, ocena doskona\u0142a, Zwyci\u0119zca M\u0142odzie\u017cy pies\/<\/li>\n<\/ul>\n<\/div>\n<div class=\"\" data-block=\"true\" data-editor=\"7uc8e\" data-offset-key=\"cuht0-0-0\"><\/div>\n<div class=\"\" data-block=\"true\" data-editor=\"7uc8e\" data-offset-key=\"823pm-0-0\">\n<div class=\"_1mf _1mj\" data-offset-key=\"823pm-0-0\"><span style=\"text-decoration: underline;\"><span style=\"color: #ff0000;\" data-offset-key=\"823pm-0-0\"><span data-text=\"true\">2) 31.10.2016 IDS Desio:<\/span><\/span><\/span><\/div>\n<\/div>\n<div class=\"_1mf _1mj\" data-offset-key=\"823pm-0-0\"><\/div>\n<ul>\n<li class=\"_1mf _1mj\" data-offset-key=\"823pm-0-0\"><strong>ROBBER Laurettisza (Stitch) \u00a0&#8211;\u00a0<\/strong>place 1 excellent, JBOB &amp; BEST O BREED! \ud83d\ude00<br \/>\n\/lokata 1, ocena doskona\u0142a, Zwyci\u0119zca M\u0142odzie\u017cy, ZWYCI\u0118ZCA RASY!! \/<\/li>\n<\/ul>\n<p>&nbsp;<\/p>\n<p><span style=\"text-decoration: underline;\"><strong>ROBBER Laurettisza (Stitch)<\/strong> &#8211; Is a new <span style=\"color: #ff0000; text-decoration: underline;\"><strong>ITALIAN JUNIOR CHAMPION<\/strong><\/span> !!!\u00a0<\/span><\/p>\n<p><span style=\"text-decoration: underline;\">ROBBER Laurettisza &#8211; zosta\u0142 <strong><span style=\"color: #ff0000; text-decoration: underline;\">M\u0141ODZIE\u017bOWYM CHAMPIONEM W\u0141OCH<\/span><\/strong> !!!<\/span><\/p>\n<div class=\"\" data-block=\"true\" data-editor=\"7uc8e\" data-offset-key=\"5qmj3-0-0\">\n<div class=\"_1mf _1mj\" data-offset-key=\"5qmj3-0-0\"><span data-offset-key=\"5qmj3-0-0\">\u00a0<\/span><\/div>\n<\/div>\n<div class=\"\" data-block=\"true\" data-editor=\"7uc8e\" data-offset-key=\"f54er-0-0\">\n<div class=\"_1mf _1mj\" data-offset-key=\"f54er-0-0\"><span data-offset-key=\"f54er-0-0\"><span data-text=\"true\">BIG Congratulations to his owner: <\/span><\/span><span class=\"_5u8u\" spellcheck=\"false\" data-offset-key=\"f54er-1-0\"><span data-offset-key=\"f54er-1-0\"><span data-text=\"true\">Elena Armani<\/span><\/span><\/span><span data-offset-key=\"f54er-2-0\"><span data-text=\"true\"> !!!! Good job!! \ud83d\ude42<\/span><\/span><\/div>\n<\/div>\n<div class=\"_1mf _1mj\" data-offset-key=\"f54er-0-0\"><\/div>\n<div data-offset-key=\"f54er-0-0\"><img loading=\"lazy\" decoding=\"async\" class=\"alignnone size-full wp-image-253\" src=\"http:\/\/moonlightkiss.eu\/wp-content\/uploads\/2018\/11\/47-1.jpg\" alt=\"\" width=\"960\" height=\"724\" srcset=\"https:\/\/moonlightkiss.eu\/wp-content\/uploads\/2018\/11\/47-1.jpg 960w, https:\/\/moonlightkiss.eu\/wp-content\/uploads\/2018\/11\/47-1-300x226.jpg 300w, https:\/\/moonlightkiss.eu\/wp-content\/uploads\/2018\/11\/47-1-768x579.jpg 768w, https:\/\/moonlightkiss.eu\/wp-content\/uploads\/2018\/11\/47-1-398x300.jpg 398w\" sizes=\"(max-width: 960px) 100vw, 960px\" \/><\/div>\n<div class=\"\" data-block=\"true\" data-editor=\"7uc8e\" data-offset-key=\"f54er-0-0\">\n<div class=\"_1mf _1mj\" data-offset-key=\"f54er-0-0\">ROBBER&#8217;s parents:\u00a0MultiCH. Toot Sweet&#8217;s CONFETTI IN THE SNOW x CH. KISS MOONLIGHT Laurettisza<\/div>\n<\/div>\n<p>__________________________________________________________________________<br \/>\n<span style=\"text-decoration: underline;\"><span style=\"color: #ff0000; text-decoration: underline;\">19.10.2016 born PUPPIES, Litter &#8222;W&#8221;-LAURETTISZA : 3 females\u00a0<\/span><\/span><br \/>\n<span style=\"text-decoration: underline;\"><span style=\"color: #ff0000; text-decoration: underline;\">19.10.2016r urodzi\u0142y si\u0119 szczeniaczki, Miot &#8222;W&#8221;-Laurettisza, 3 suczki<\/span><\/span><\/p>\n<p>mother \/ mama:<br \/>\n<span style=\"text-decoration: underline;\">CH.PL KISS MOONLIGHT Laurettisza &#8222;Muna&#8221;<\/span><br \/>\n(JCH.PL, CH.PL,DK Vittoria&#8217;s Warm And Tender x Laurette Magnifique Papillon)<\/p>\n<p>father \/ ojciec:<br \/>\n<span style=\"text-decoration: underline;\">JCH.LT, CH.LT, Lithuanian JW&#8217;2013. IMPRESSIVE PRESTO Mano Velvetas &#8222;Presto&#8221; <\/span><br \/>\n(INTCH. MultiCH. VWorldWinner&#8217;13 Lindatorps Oegonsten x JCH.LT,CH.LT,LV, EST, BALT Best Butterfly Velvetas)<\/p>\n<p>Breeder &amp; Owner &#8222;Presto&#8221; is Ligita Suragautiene<br \/>\nmore informations about Presto \/wi\u0119cej o Presto\/ \u00a0: <a href=\"http:\/\/velvetas.blogspot.com\/p\/papillons.html\">CLICK HERE \/ kliknij TU<\/a><\/p>\n<p>&nbsp;<\/p>\n<p><img loading=\"lazy\" decoding=\"async\" class=\"alignnone size-full wp-image-254\" src=\"http:\/\/moonlightkiss.eu\/wp-content\/uploads\/2018\/11\/48.jpg\" alt=\"\" width=\"810\" height=\"870\" srcset=\"https:\/\/moonlightkiss.eu\/wp-content\/uploads\/2018\/11\/48.jpg 810w, https:\/\/moonlightkiss.eu\/wp-content\/uploads\/2018\/11\/48-279x300.jpg 279w, https:\/\/moonlightkiss.eu\/wp-content\/uploads\/2018\/11\/48-768x825.jpg 768w\" sizes=\"(max-width: 810px) 100vw, 810px\" \/><\/p>\n<p>_________________________________________________________________________<\/p>\n<p><span style=\"text-decoration: underline;\"><span style=\"color: #ff0000; text-decoration: underline;\">24-25.09.2016 &#8211; 2x International Dog Show Italy, 2x Mi\u0119dzynarodowa Wystawa Ps\u00f3w, W\u0142ochy<\/span><\/span><\/p>\n<p><span style=\"color: #ff0000;\"><span style=\"text-decoration: underline;\">24\/09\/16 Ids Lecco<\/span><br \/>\n<span style=\"color: #000000;\"><em>Judge: Arianna Giorgi<\/em><\/span><\/span><br \/>\n<strong>ROBBER Laurettisza<\/strong> (Stitch) \/junior class\/ &#8211; 1 excellent , Junior Winner, JBOS !<br \/>\n\/lokata 1, Zwyci\u0119zca M\u0142odzie\u017cy\/<\/p>\n<p><span style=\"color: #ff0000;\"><span style=\"text-decoration: underline;\">25\/09\/16 Ids Bergamo<\/span><br \/>\n<span style=\"color: #000000;\"><em>Judge: Marialuisa Marchese<br \/>\n<\/em><\/span><\/span><strong>ROBBER Laurettisza<\/strong> (Stitch) \/junior class\/ &#8211; 1 excellent , Junior Winner, JBOS !<br \/>\n\/lokata 1, Zwyci\u0119zca M\u0142odzie\u017cy\/<\/p>\n<p>&nbsp;<\/p>\n<p>Big Congratulaions to owner \/ Ogromne gratulacje dla w\u0142a\u015bcicielki : Eleny Armani !<\/p>\n<p>&nbsp;<\/p>\n<p><img loading=\"lazy\" decoding=\"async\" class=\"alignnone size-full wp-image-255\" src=\"http:\/\/moonlightkiss.eu\/wp-content\/uploads\/2018\/11\/49-1.jpg\" alt=\"\" width=\"918\" height=\"747\" srcset=\"https:\/\/moonlightkiss.eu\/wp-content\/uploads\/2018\/11\/49-1.jpg 918w, https:\/\/moonlightkiss.eu\/wp-content\/uploads\/2018\/11\/49-1-300x244.jpg 300w, https:\/\/moonlightkiss.eu\/wp-content\/uploads\/2018\/11\/49-1-768x625.jpg 768w, https:\/\/moonlightkiss.eu\/wp-content\/uploads\/2018\/11\/49-1-369x300.jpg 369w\" sizes=\"(max-width: 918px) 100vw, 918px\" \/><\/p>\n<p>ROBBER&#8217;s parents:\u00a0MultiCH. Toot Sweet&#8217;s CONFETTI IN THE SNOW x CH. KISS MOONLIGHT Laurettisza<\/p>\n<p>_________________________________________________________________________<\/p>\n<p>&nbsp;<\/p>\n<p><span style=\"text-decoration: underline; color: #ff0000;\">3.07.2016 International Dog Show Torino \/ Mi\u0119dzynarodowa Wystawa Ps\u00f3w Torino<\/span><\/p>\n<p><em>Judge Alexiey Belkin<\/em><br \/>\n<strong>ROBBER Laurettisza<\/strong> (Stitch) \/junior class\/ &#8211; 1 excellent , Junior Winner!<\/p>\n<p>\/\u00a0lokata 1, ocena doskona\u0142a, Zwyci\u0119zca M\u0142odzie\u017cy! \/<\/p>\n<p>Big Congratulaions to owner \/ Ogromne gratulacje dla w\u0142a\u015bcicielki : Eleny Armani !<\/p>\n<p>&nbsp;<\/p>\n<p><img loading=\"lazy\" decoding=\"async\" class=\"alignnone size-full wp-image-256\" src=\"http:\/\/moonlightkiss.eu\/wp-content\/uploads\/2018\/11\/50.jpg\" alt=\"\" width=\"1024\" height=\"364\" srcset=\"https:\/\/moonlightkiss.eu\/wp-content\/uploads\/2018\/11\/50.jpg 1024w, https:\/\/moonlightkiss.eu\/wp-content\/uploads\/2018\/11\/50-300x107.jpg 300w, https:\/\/moonlightkiss.eu\/wp-content\/uploads\/2018\/11\/50-768x273.jpg 768w, https:\/\/moonlightkiss.eu\/wp-content\/uploads\/2018\/11\/50-500x178.jpg 500w\" sizes=\"(max-width: 1024px) 100vw, 1024px\" \/><\/p>\n<p>ROBBER&#8217;s parents:\u00a0MultiCH. Toot Sweet&#8217;s CONFETTI IN THE SNOW x CH. KISS MOONLIGHT Laurettisza<\/p>\n<p>_________________________________________________________________________<\/p>\n<p><span style=\"text-decoration: underline;\"><span style=\"color: #ff0000; text-decoration: underline;\">International Dog Show of Pisa Italy \/ Mi\u0119dzynarodowa Wystawa Ps\u00f3w, W\u0142ochy<\/span><\/span><\/p>\n<p><em>judge Mrs. Annukka Paloheimo<\/em><br \/>\n<strong>ROBBER Laurettisza<\/strong>\u00a0&#8222;Stitch&#8221; \/junior class\/\u00a0&#8211; 1st. exc, Junior Winner!<br \/>\n\/ lokata 1, ocena doskona\u0142a, Zwyci\u0119zca M\u0142odzie\u017cy! \/<\/p>\n<div class=\"text_exposed_show\">\n<p>Big Congratulation to owner: Elena Armani !!!!<\/p>\n<p>He have 9 month old and looks amazing!<\/p>\n<p><img loading=\"lazy\" decoding=\"async\" class=\"alignnone size-full wp-image-256\" src=\"http:\/\/moonlightkiss.eu\/wp-content\/uploads\/2018\/11\/50.jpg\" alt=\"\" width=\"1024\" height=\"364\" srcset=\"https:\/\/moonlightkiss.eu\/wp-content\/uploads\/2018\/11\/50.jpg 1024w, https:\/\/moonlightkiss.eu\/wp-content\/uploads\/2018\/11\/50-300x107.jpg 300w, https:\/\/moonlightkiss.eu\/wp-content\/uploads\/2018\/11\/50-768x273.jpg 768w, https:\/\/moonlightkiss.eu\/wp-content\/uploads\/2018\/11\/50-500x178.jpg 500w\" sizes=\"(max-width: 1024px) 100vw, 1024px\" \/><\/p>\n<p>ROBBER&#8217;s parents:<br \/>\nMultiCH. Toot Sweet&#8217;s CONFETTI IN THE SNOW x CH. KISS MOONLIGHT Laurettisza<\/p>\n<\/div>\n<p>&nbsp;<\/p>\n<p>_________________________________________________________________________<\/p>\n<p><span style=\"text-decoration: underline;\"><span style=\"color: #ff0000; text-decoration: underline;\">Our dogs in the Catalog and their titles obtained in 2015 <\/span><\/span><br \/>\n<span style=\"text-decoration: underline;\"><span style=\"color: #ff0000; text-decoration: underline;\">Nasze psy w Katalogu i ich tytu\u0142y uzyskane w 2015r<\/span> <\/span><\/p>\n<p>&nbsp;<\/p>\n<p><img loading=\"lazy\" decoding=\"async\" class=\"alignnone size-full wp-image-257\" src=\"http:\/\/moonlightkiss.eu\/wp-content\/uploads\/2018\/11\/51-1.jpg\" alt=\"\" width=\"900\" height=\"607\" srcset=\"https:\/\/moonlightkiss.eu\/wp-content\/uploads\/2018\/11\/51-1.jpg 900w, https:\/\/moonlightkiss.eu\/wp-content\/uploads\/2018\/11\/51-1-300x202.jpg 300w, https:\/\/moonlightkiss.eu\/wp-content\/uploads\/2018\/11\/51-1-768x518.jpg 768w, https:\/\/moonlightkiss.eu\/wp-content\/uploads\/2018\/11\/51-1-445x300.jpg 445w\" sizes=\"(max-width: 900px) 100vw, 900px\" \/><\/p>\n<p>________________________________________________________________________<\/p>\n<p>&nbsp;<\/p>\n<p><span style=\"text-decoration: underline; color: #ff0000;\">National Dog Show (CAC) 08.05.2016 I\u0142\u017ca \/ Krajowa Wystawa I\u0142\u017ca<\/span><br \/>\n* <strong>RESOLUTE SISSI Laurettisza<\/strong> \/puppy class\/<br \/>\n&#8211; 1st, very promising, BOB Puppy!! and she was in first six Puppy in Best In Show!!!<br \/>\nIt was her first show!<\/p>\n<p>\/ lokata 1, wybitnie obiecuj\u0105ca, Najlepsze Szczeni\u0119 w Rasie!!! Sissi by\u0142a te\u017c w pierwszej sz\u00f3stce Najlepszych Sczczeni\u0105t Wystawy! (na oko\u0142o 20 szczeniak\u00f3w r\u00f3\u017cnych ras!!!). A to by\u0142a jej pierwsza wystawa \ud83d\ude42 \/<\/p>\n<p>(parents: MultiCH. Toot Sweet&#8217;s CONFETTI IN THE SNOW &#8222;Cony&#8221; x CH. KISS MOONLIGHT Laurettisza &#8222;Muna&#8221;)<\/p>\n<p>&nbsp;<\/p>\n<p><img loading=\"lazy\" decoding=\"async\" class=\"alignnone size-full wp-image-258\" src=\"http:\/\/moonlightkiss.eu\/wp-content\/uploads\/2018\/11\/52.jpg\" alt=\"\" width=\"900\" height=\"572\" srcset=\"https:\/\/moonlightkiss.eu\/wp-content\/uploads\/2018\/11\/52.jpg 900w, https:\/\/moonlightkiss.eu\/wp-content\/uploads\/2018\/11\/52-300x191.jpg 300w, https:\/\/moonlightkiss.eu\/wp-content\/uploads\/2018\/11\/52-768x488.jpg 768w, https:\/\/moonlightkiss.eu\/wp-content\/uploads\/2018\/11\/52-472x300.jpg 472w\" sizes=\"(max-width: 900px) 100vw, 900px\" \/><\/p>\n<p>______________________________________________________________________<\/p>\n<p>&nbsp;<\/p>\n<p><span style=\"text-decoration: underline; color: #ff0000;\">10.04.2016 National Dog Show, ROVINJ, Croatia \/ Krajowa Wystawa Ps\u00f3w, Rovinj, Chorwacja<\/span><\/p>\n<ul>\n<li><strong>ROBBER Laurettisza &#8222;Stitch&#8221;<\/strong> &#8211; 1st, very promising, Best Puppy!!!!<br \/>\n\/ lokata I, wybitnie obiecuj\u0105cy, Najlepsze Szczeni\u0119!!\/<\/li>\n<\/ul>\n<p>(parents: MultiCH. Toot Sweet&#8217;s CONFETTI IN THE SNOW &#8222;Cony&#8221; x CH. KISS MOONLIGHT Laurettisza &#8222;Muna&#8221;)<\/p>\n<p>BIG Congratulations to owner : Elena Armani ! \ud83d\ude42<a href=\"http:\/\/www.laurettisza.eu\/index.php\/linki\/nowosci-2016r\/2-10\/\" rel=\"attachment wp-att-1705\"><br \/>\n<\/a><\/p>\n<p><img loading=\"lazy\" decoding=\"async\" class=\"alignnone size-full wp-image-259\" src=\"http:\/\/moonlightkiss.eu\/wp-content\/uploads\/2018\/11\/53.jpg\" alt=\"\" width=\"500\" height=\"365\" srcset=\"https:\/\/moonlightkiss.eu\/wp-content\/uploads\/2018\/11\/53.jpg 500w, https:\/\/moonlightkiss.eu\/wp-content\/uploads\/2018\/11\/53-300x219.jpg 300w, https:\/\/moonlightkiss.eu\/wp-content\/uploads\/2018\/11\/53-411x300.jpg 411w\" sizes=\"(max-width: 500px) 100vw, 500px\" \/><\/p>\n<p>&nbsp;<\/p>\n<p>&nbsp;<\/p>\n<p>_________________________________________________________________________<\/p>\n<p style=\"text-align: center;\"><span style=\"color: #ff0000;\">\u00a0Z okazji \u015awi\u0105t Wielkanocnych chcieliby\u015bmy \u017cyczy\u0107 Pa\u0144stwu rado\u015bci, pogody ducha oraz wszelkiej pomy\u015blno\u015bci!<\/span><br \/>\n<span style=\"font-weight: 300; color: #ff0000;\">Szymon &amp; Katarzyna<\/span><\/p>\n<p style=\"text-align: center;\"><span style=\"color: #ff0000;\">Happy Easter !<\/span><br \/>\n<span style=\"color: #ff0000;\">Szymon &amp; Katarzyna\u00a0<\/span><\/p>\n<p><img loading=\"lazy\" decoding=\"async\" class=\"alignnone size-full wp-image-260\" src=\"http:\/\/moonlightkiss.eu\/wp-content\/uploads\/2018\/11\/54.jpg\" alt=\"\" width=\"408\" height=\"529\" srcset=\"https:\/\/moonlightkiss.eu\/wp-content\/uploads\/2018\/11\/54.jpg 408w, https:\/\/moonlightkiss.eu\/wp-content\/uploads\/2018\/11\/54-231x300.jpg 231w\" sizes=\"(max-width: 408px) 100vw, 408px\" \/><\/p>\n<p>________________________________________________________________________<\/p>\n<p><span style=\"text-decoration: underline; color: #ff0000;\">20.03.16 International Speciality Show of Reggio Emilia, Italy \/ Mi\u0119dzynarodowa Specjalna Wystawa, W\u0142ochy<\/span><\/p>\n<p><em>judge \/ s\u0119dzia: \u00a0Mr. Jean Francois Vanaken.<\/em><\/p>\n<ul>\n<li><strong>ROBBER Laurettisza<\/strong><span style=\"font-weight: 300;\">\u00a0<strong>&#8222;Stitch&#8221;<\/strong>\u00a0&#8211; I, very promising, BOB Puppy!!! \/ lokataI, wybitnie obiecuj\u0105cy, Najlepsze Szczeni\u0119 w Rasie!\u00a0<\/span><\/li>\n<\/ul>\n<p>(parents: MultiCH. Toot Sweet&#8217;s CONFETTI IN THE SNOW &#8222;Cony&#8221; x CH. KISS MOONLIGHT Laurettisza &#8222;Muna&#8221;)<\/p>\n<div>Big Congratulations to owner :\u00a0Elena Armani\u00a0\/\u00a0Ogromne Gratulacje dla w\u0142a\u015bcicielki Eleny Armani !!<\/div>\n<div><\/div>\n<p><img loading=\"lazy\" decoding=\"async\" class=\"alignnone size-full wp-image-261\" src=\"http:\/\/moonlightkiss.eu\/wp-content\/uploads\/2018\/11\/55.jpg\" alt=\"\" width=\"451\" height=\"300\" srcset=\"https:\/\/moonlightkiss.eu\/wp-content\/uploads\/2018\/11\/55.jpg 451w, https:\/\/moonlightkiss.eu\/wp-content\/uploads\/2018\/11\/55-300x200.jpg 300w\" sizes=\"(max-width: 451px) 100vw, 451px\" \/><\/p>\n<div><\/div>\n<div><\/div>\n<div>__________________________________________________________________<\/div>\n<div><\/div>\n<div><\/div>\n<div>\n<div>\n<div>\n<div>\n<div>\n<div>\n<div><\/div>\n<\/div>\n<\/div>\n<\/div>\n<\/div>\n<\/div>\n<\/div>\n<p><span style=\"text-decoration: underline; color: #ff0000;\">13.03.2016 National Dog Show, Italy \/ Krajowa Wystawa Ps\u00f3w, W\u0142ochy<\/span><\/p>\n<ul>\n<li><span style=\"font-weight: 300;\"><strong>ROBBER Laurettisza<\/strong>&#8211; I, very promising, BOB Puppy!!!! \/ lokata I, wybitnie obiecuj\u0105cy, Najlepsze Szczeni\u0119 w Rasie!<\/span><\/li>\n<\/ul>\n<p>(parents: MultiCH. Toot Sweet&#8217;s CONFETTI IN THE SNOW &#8222;Cony&#8221; x CH. KISS MOONLIGHT Laurettisza &#8222;Muna&#8221;)<\/p>\n<p>Big Congratulations to owner :\u00a0<span style=\"color: #000000;\"><a href=\"https:\/\/web.facebook.com\/elena.armani.921\" data-hovercard=\"\/ajax\/hovercard\/user.php?id=1557895483&amp;extragetparams=%7B%22directed_target_id%22%3A0%7D\"><span style=\"color: #000000;\">Elena Armani<\/span><\/a>\u00a0\/<\/span> Ogromne Gratulacje dla w\u0142a\u015bcicielki Eleny Armani !!<\/p>\n<p><img loading=\"lazy\" decoding=\"async\" class=\"alignnone size-full wp-image-262\" src=\"http:\/\/moonlightkiss.eu\/wp-content\/uploads\/2018\/11\/56.jpg\" alt=\"\" width=\"960\" height=\"939\" srcset=\"https:\/\/moonlightkiss.eu\/wp-content\/uploads\/2018\/11\/56.jpg 960w, https:\/\/moonlightkiss.eu\/wp-content\/uploads\/2018\/11\/56-300x293.jpg 300w, https:\/\/moonlightkiss.eu\/wp-content\/uploads\/2018\/11\/56-768x751.jpg 768w, https:\/\/moonlightkiss.eu\/wp-content\/uploads\/2018\/11\/56-307x300.jpg 307w\" sizes=\"(max-width: 960px) 100vw, 960px\" \/><\/p>\n<p>&nbsp;<\/p>\n<p>&nbsp;<\/p>\n<p>________________________________________________________________________<\/p>\n","protected":false},"excerpt":{"rendered":"<p>________________________________________________________________________ 3.12.2016 &#8211; This was a beautiful, sunny day at the National Dog Show in Nowy Dwor Mazowiecki . To by\u0142 piekny i s\u0142oneczny dzie\u0144 na Krajowej Wystawie w Nowym Dworze Mazowieckim. RESOLUTE SISSI Laurettisza &#8222;Sissi&#8221; \/15 months old, debut &hellip; <a href=\"https:\/\/moonlightkiss.eu\/index.php\/2-2\/184-2\/\">Czytaj dalej <span class=\"meta-nav\">&rarr;<\/span><\/a><\/p>\n","protected":false},"author":1,"featured_media":0,"parent":48,"menu_order":100,"comment_status":"closed","ping_status":"closed","template":"showcase.php","meta":{"footnotes":""},"_links":{"self":[{"href":"https:\/\/moonlightkiss.eu\/index.php\/wp-json\/wp\/v2\/pages\/184"}],"collection":[{"href":"https:\/\/moonlightkiss.eu\/index.php\/wp-json\/wp\/v2\/pages"}],"about":[{"href":"https:\/\/moonlightkiss.eu\/index.php\/wp-json\/wp\/v2\/types\/page"}],"author":[{"embeddable":true,"href":"https:\/\/moonlightkiss.eu\/index.php\/wp-json\/wp\/v2\/users\/1"}],"replies":[{"embeddable":true,"href":"https:\/\/moonlightkiss.eu\/index.php\/wp-json\/wp\/v2\/comments?post=184"}],"version-history":[{"count":7,"href":"https:\/\/moonlightkiss.eu\/index.php\/wp-json\/wp\/v2\/pages\/184\/revisions"}],"predecessor-version":[{"id":265,"href":"https:\/\/moonlightkiss.eu\/index.php\/wp-json\/wp\/v2\/pages\/184\/revisions\/265"}],"up":[{"embeddable":true,"href":"https:\/\/moonlightkiss.eu\/index.php\/wp-json\/wp\/v2\/pages\/48"}],"wp:attachment":[{"href":"https:\/\/moonlightkiss.eu\/index.php\/wp-json\/wp\/v2\/media?parent=184"}],"curies":[{"name":"wp","href":"https:\/\/api.w.org\/{rel}","templated":true}]}}